{"id":45,"date":"2020-05-02T09:10:07","date_gmt":"2020-05-02T07:10:07","guid":{"rendered":"http:\/\/fewo.benedikt-doll.de\/?page_id=45"},"modified":"2021-01-19T12:44:36","modified_gmt":"2021-01-19T11:44:36","slug":"anreise","status":"publish","type":"page","link":"https:\/\/schwarzwaldmaedel-ferienwohnungen.de\/en\/anreise\/","title":{"rendered":"Arrival"},"content":{"rendered":"<div data-elementor-type=\"wp-page\" data-elementor-id=\"45\" class=\"elementor elementor-45\" data-elementor-post-type=\"page\">\n\t\t\t\t\t\t<section class=\"elementor-section elementor-top-section elementor-element elementor-element-50eb6f2d elementor-section-boxed elementor-section-height-default elementor-section-height-default\" data-id=\"50eb6f2d\" data-element_type=\"section\" data-e-type=\"section\">\n\t\t\t\t\t\t<div class=\"elementor-container elementor-column-gap-default\">\n\t\t\t\t\t<div class=\"aux-parallax-section elementor-column elementor-col-100 elementor-top-column elementor-element elementor-element-3404e499\" data-id=\"3404e499\" data-element_type=\"column\" data-e-type=\"column\">\n\t\t\t<div class=\"elementor-widget-wrap elementor-element-populated\">\n\t\t\t\t\t\t<div class=\"elementor-element elementor-element-7b1a17eb elementor-widget elementor-widget-text-editor\" data-id=\"7b1a17eb\" data-element_type=\"widget\" data-e-type=\"widget\" data-widget_type=\"text-editor.default\">\n\t\t\t\t<div class=\"elementor-widget-container\">\n\t\t\t\t\t\t\t\t\t<p><\/p>\n<h4 class=\"wp-block-heading\"><strong>How to get to us ...<\/strong><\/h4>\n<p><strong>Arrival by train to the Black Forest<\/strong><\/p>\n<p>Hardly any other vacation region is as easy to reach as the Black Forest. So you can confidently leave the car at home and travel in an environmentally friendly way by train to the varied landscape around Germany's largest nature parks, the National Park and the Black Forest Biosphere Reserve.<\/p>\n<p>The ICE train lines Frankfurt-Basel and the IC line Munich-Stuttgart-Basel, the IRE Ulm-Friedrichshafen-Basel frame the vacation region.<\/p>\n<p>The H\u00f6llentalbahn, the Schwarzwaldbahn and the Murgtalbahn cross the region from west to east. Trains and buses of the nine regional transport associations and DB-Regio provide access to the 11,000 square kilometer vacation landscape.<\/p>\n<p>On spot you get the KONUS guest card from us. With the KONUS guest card you can discover the Black Forest vacation region free of charge during your entire stay by bus &amp; train.<\/p>\n<p><strong>Arrival by car<\/strong><\/p>\n<ul>\n<li>Via A 5, exit Freiburg-Mitte direction Donaueschingen via Kirchzarten, Notschrei or via Schauinsland to Todtnau-Muggenbrunn. Approx. 200 m after Hotel Adler turn right over the bridge, first house on the right.<\/li>\n<li>Via A 81, exit Donaueschingen\/Freiburg, first direction Freiburg, then turn right before Titisee, direction Basel-Feldberg until Todtnau, then turn right again to Muggenbrunn. Approx. 50 m after Hotel Gr\u00fcner Baum turn left over the bridge, first house on the right.<\/li>\n<\/ul>\n<p><a href=\"https:\/\/www.google.de\/maps\/dir\/\/Schwarzwaldm%C3%A4del-Ferienwohnungen,+Franzosenbergstra%C3%9Fe+2,+79674+Todtnau\/@47.8577822,7.8822449,13z\/data=!4m8!4m7!1m0!1m5!1m1!1s0x4790fe3a97f52ef5:0xe89cc5a45cbfdb0a!2m2!1d7.91735!2d47.85773\" target=\"_blank\" rel=\"noopener\">\u00a0&gt; to the route planner<\/a><\/p>\n<p><\/p>\t\t\t\t\t\t\t\t<\/div>\n\t\t\t\t<\/div>\n\t\t\t\t\t<\/div>\n\t\t<\/div>\n\t\t\t\t\t<\/div>\n\t\t<\/section>\n\t\t\t\t<\/div>","protected":false},"excerpt":{"rendered":"<p>So gelangen Sie zu uns &#8230; Anreise mit der Bahn in den Schwarzwald Kaum eine andere Ferienregion ist so gut zu erreichen wie der Schwarzwald. Man kann das Auto also getrost zu Hause lassen und umweltfreundlich per Bahn in die abwechslungsreiche Landschaft rund um Deutschlands gr\u00f6\u00dfte Naturparke, den Nationalpark und das Biosph\u00e4rengebiet Schwarzwald reisen. Die [&hellip;]<\/p>\n","protected":false},"author":1,"featured_media":0,"parent":0,"menu_order":0,"comment_status":"closed","ping_status":"closed","template":"","meta":{"advanced_seo_description":"","jetpack_seo_html_title":"","jetpack_seo_noindex":false,"footnotes":""},"class_list":["post-45","page","type-page","status-publish","hentry"],"jetpack_shortlink":"https:\/\/wp.me\/PbXKzQ-J","jetpack_sharing_enabled":true,"_links":{"self":[{"href":"https:\/\/schwarzwaldmaedel-ferienwohnungen.de\/en\/wp-json\/wp\/v2\/pages\/45","targetHints":{"allow":["GET"]}}],"collection":[{"href":"https:\/\/schwarzwaldmaedel-ferienwohnungen.de\/en\/wp-json\/wp\/v2\/pages"}],"about":[{"href":"https:\/\/schwarzwaldmaedel-ferienwohnungen.de\/en\/wp-json\/wp\/v2\/types\/page"}],"author":[{"embeddable":true,"href":"https:\/\/schwarzwaldmaedel-ferienwohnungen.de\/en\/wp-json\/wp\/v2\/users\/1"}],"replies":[{"embeddable":true,"href":"https:\/\/schwarzwaldmaedel-ferienwohnungen.de\/en\/wp-json\/wp\/v2\/comments?post=45"}],"version-history":[{"count":6,"href":"https:\/\/schwarzwaldmaedel-ferienwohnungen.de\/en\/wp-json\/wp\/v2\/pages\/45\/revisions"}],"predecessor-version":[{"id":978,"href":"https:\/\/schwarzwaldmaedel-ferienwohnungen.de\/en\/wp-json\/wp\/v2\/pages\/45\/revisions\/978"}],"wp:attachment":[{"href":"https:\/\/schwarzwaldmaedel-ferienwohnungen.de\/en\/wp-json\/wp\/v2\/media?parent=45"}],"curies":[{"name":"wp","href":"https:\/\/api.w.org\/{rel}","templated":true}]}}