{"id":444,"date":"2020-05-21T17:32:52","date_gmt":"2020-05-21T15:32:52","guid":{"rendered":"http:\/\/fewo.benedikt-doll.de\/?page_id=444"},"modified":"2024-01-23T10:04:21","modified_gmt":"2024-01-23T09:04:21","slug":"hochschwarzwald-card","status":"publish","type":"page","link":"https:\/\/schwarzwaldmaedel-ferienwohnungen.de\/en\/aktivitaeten\/hochschwarzwald-card\/","title":{"rendered":"Hochschwarzwald Card \/ Red Card"},"content":{"rendered":"<div data-elementor-type=\"wp-page\" data-elementor-id=\"444\" class=\"elementor elementor-444\" data-elementor-post-type=\"page\">\n\t\t\t\t\t\t<section class=\"elementor-section elementor-top-section elementor-element elementor-element-c8e5f2f elementor-section-boxed elementor-section-height-default elementor-section-height-default\" data-id=\"c8e5f2f\" data-element_type=\"section\" data-e-type=\"section\">\n\t\t\t\t\t\t<div class=\"elementor-container elementor-column-gap-default\">\n\t\t\t\t\t<div class=\"aux-parallax-section elementor-column elementor-col-66 elementor-top-column elementor-element elementor-element-68f685c\" data-id=\"68f685c\" data-element_type=\"column\" data-e-type=\"column\">\n\t\t\t<div class=\"elementor-widget-wrap elementor-element-populated\">\n\t\t\t\t\t\t<div class=\"elementor-element elementor-element-839b765 elementor-widget elementor-widget-text-editor\" data-id=\"839b765\" data-element_type=\"widget\" data-e-type=\"widget\" data-widget_type=\"text-editor.default\">\n\t\t\t\t<div class=\"elementor-widget-container\">\n\t\t\t\t\t\t\t\t\t<p><\/p>\n<p><strong>With us you receive the Hochschwarzwald Card!<\/strong><\/p>\n<p>With the Hochschwarzwald Card, you can experience around 100 attractions free of charge (each once). These include amusement parks such as the Steinwasenpark in Oberried, museums, the Blackforestline suspension bridge in Todtnau and boat trips on Lake Titisee. Tickets for the Badeparadies Schwarzwald and ski tickets for the Feldberg cable cars (3 in 5 day ski ticket) can be purchased at a special Card price. You will receive the Hochschwarzwald Card free of charge for stays of two or more nights.<\/p>\n<p>Further information can be found at <a href=\"https:\/\/www.hochschwarzwald.de\/planen-buchen\/hochschwarzwald-card\" target=\"_blank\" rel=\"noopener\">hochschwarzwald.de\/card<\/a><\/p>\n<p>\u00a0<\/p>\n<p><\/p>\t\t\t\t\t\t\t\t<\/div>\n\t\t\t\t<\/div>\n\t\t\t\t\t<\/div>\n\t\t<\/div>\n\t\t\t\t<div class=\"aux-parallax-section elementor-column elementor-col-33 elementor-top-column elementor-element elementor-element-1be2212\" data-id=\"1be2212\" data-element_type=\"column\" data-e-type=\"column\">\n\t\t\t<div class=\"elementor-widget-wrap elementor-element-populated\">\n\t\t\t\t\t\t<div class=\"elementor-element elementor-element-6826e87 elementor-widget elementor-widget-image\" data-id=\"6826e87\" data-element_type=\"widget\" data-e-type=\"widget\" data-widget_type=\"image.default\">\n\t\t\t\t<div class=\"elementor-widget-container\">\n\t\t\t\t\t\t\t\t\t\t\t\t\t\t\t\t<a href=\"https:\/\/www.hochschwarzwald.de\/planen-buchen\/hochschwarzwald-card\" target=\"_blank\">\n\t\t\t\t\t\t\t<img fetchpriority=\"high\" decoding=\"async\" width=\"1642\" height=\"1058\" src=\"https:\/\/i0.wp.com\/schwarzwaldmaedel-ferienwohnungen.de\/wp-content\/uploads\/2022\/04\/hsw-card_logo_2022_sRGB-002.png?fit=1642%2C1058&amp;ssl=1\" class=\"attachment-full size-full wp-image-1913\" alt=\"Hochschwarzwald Card\" srcset=\"https:\/\/i0.wp.com\/schwarzwaldmaedel-ferienwohnungen.de\/wp-content\/uploads\/2022\/04\/hsw-card_logo_2022_sRGB-002.png?w=1642&amp;ssl=1 1642w, https:\/\/i0.wp.com\/schwarzwaldmaedel-ferienwohnungen.de\/wp-content\/uploads\/2022\/04\/hsw-card_logo_2022_sRGB-002.png?resize=1536%2C990&amp;ssl=1 1536w, https:\/\/i0.wp.com\/schwarzwaldmaedel-ferienwohnungen.de\/wp-content\/uploads\/2022\/04\/hsw-card_logo_2022_sRGB-002.png?resize=18%2C12&amp;ssl=1 18w, https:\/\/i0.wp.com\/schwarzwaldmaedel-ferienwohnungen.de\/wp-content\/uploads\/2022\/04\/hsw-card_logo_2022_sRGB-002.png?resize=280%2C180&amp;ssl=1 280w\" sizes=\"(max-width: 1300px) 100vw, 1300px\" \/>\t\t\t\t\t\t\t\t<\/a>\n\t\t\t\t\t\t\t\t\t\t\t\t\t\t\t<\/div>\n\t\t\t\t<\/div>\n\t\t\t\t\t<\/div>\n\t\t<\/div>\n\t\t\t\t\t<\/div>\n\t\t<\/section>\n\t\t\t\t<\/div>","protected":false},"excerpt":{"rendered":"<p>Bei uns erhalten Sie die Hochschwarzwald Card! Mit der Hochschwarzwald Card k\u00f6nnen rund 100 Attraktionen jeweils einmal kostenlos erlebt werden. Dazu geh\u00f6ren u.a. Freizeitparks wie der Steinwasenpark in Oberried, Museen, die H\u00e4ngebr\u00fccke Blackforestline in Todtnau und Bootsfahrten auf dem Titisee. Tickets f\u00fcr das Badeparadies Schwarzwald und Skitickets f\u00fcr die Feldbergbahnen (3 in 5 Tagen Skiticket) [&hellip;]<\/p>\n","protected":false},"author":2,"featured_media":0,"parent":442,"menu_order":0,"comment_status":"closed","ping_status":"closed","template":"","meta":{"advanced_seo_description":"","jetpack_seo_html_title":"","jetpack_seo_noindex":false,"footnotes":""},"class_list":["post-444","page","type-page","status-publish","hentry"],"jetpack_shortlink":"https:\/\/wp.me\/PbXKzQ-7a","jetpack_sharing_enabled":true,"_links":{"self":[{"href":"https:\/\/schwarzwaldmaedel-ferienwohnungen.de\/en\/wp-json\/wp\/v2\/pages\/444","targetHints":{"allow":["GET"]}}],"collection":[{"href":"https:\/\/schwarzwaldmaedel-ferienwohnungen.de\/en\/wp-json\/wp\/v2\/pages"}],"about":[{"href":"https:\/\/schwarzwaldmaedel-ferienwohnungen.de\/en\/wp-json\/wp\/v2\/types\/page"}],"author":[{"embeddable":true,"href":"https:\/\/schwarzwaldmaedel-ferienwohnungen.de\/en\/wp-json\/wp\/v2\/users\/2"}],"replies":[{"embeddable":true,"href":"https:\/\/schwarzwaldmaedel-ferienwohnungen.de\/en\/wp-json\/wp\/v2\/comments?post=444"}],"version-history":[{"count":10,"href":"https:\/\/schwarzwaldmaedel-ferienwohnungen.de\/en\/wp-json\/wp\/v2\/pages\/444\/revisions"}],"predecessor-version":[{"id":2301,"href":"https:\/\/schwarzwaldmaedel-ferienwohnungen.de\/en\/wp-json\/wp\/v2\/pages\/444\/revisions\/2301"}],"up":[{"embeddable":true,"href":"https:\/\/schwarzwaldmaedel-ferienwohnungen.de\/en\/wp-json\/wp\/v2\/pages\/442"}],"wp:attachment":[{"href":"https:\/\/schwarzwaldmaedel-ferienwohnungen.de\/en\/wp-json\/wp\/v2\/media?parent=444"}],"curies":[{"name":"wp","href":"https:\/\/api.w.org\/{rel}","templated":true}]}}