{"id":186,"date":"2020-05-03T12:38:31","date_gmt":"2020-05-03T10:38:31","guid":{"rendered":"http:\/\/fewo.benedikt-doll.de\/?page_id=186"},"modified":"2025-06-23T20:49:38","modified_gmt":"2025-06-23T18:49:38","slug":"ferienwohnung-6-personen-stuebenwasen","status":"publish","type":"page","link":"https:\/\/schwarzwaldmaedel-ferienwohnungen.de\/en\/ferienwohnungen\/ferienwohnung-6-personen-stuebenwasen\/","title":{"rendered":"Apartment for max. 6 persons \u201eSt\u00fcbenwasen\u201c"},"content":{"rendered":"<div data-elementor-type=\"wp-page\" data-elementor-id=\"186\" class=\"elementor elementor-186\" data-elementor-post-type=\"page\">\n\t\t\t\t\t\t<section class=\"elementor-section elementor-top-section elementor-element elementor-element-7bb99e1b elementor-section-boxed elementor-section-height-default elementor-section-height-default\" data-id=\"7bb99e1b\" data-element_type=\"section\" data-e-type=\"section\">\n\t\t\t\t\t\t<div class=\"elementor-container elementor-column-gap-default\">\n\t\t\t\t\t<div class=\"aux-parallax-section elementor-column elementor-col-100 elementor-top-column elementor-element elementor-element-78e1ca2a\" data-id=\"78e1ca2a\" data-element_type=\"column\" data-e-type=\"column\">\n\t\t\t<div class=\"elementor-widget-wrap elementor-element-populated\">\n\t\t\t\t\t\t<div class=\"elementor-element elementor-element-266c8c35 elementor-arrows-position-inside elementor-pagination-position-outside elementor-widget elementor-widget-image-carousel\" data-id=\"266c8c35\" data-element_type=\"widget\" data-e-type=\"widget\" data-settings=\"{&quot;image_spacing_custom&quot;:{&quot;unit&quot;:&quot;px&quot;,&quot;size&quot;:15,&quot;sizes&quot;:[]},&quot;navigation&quot;:&quot;both&quot;,&quot;autoplay&quot;:&quot;yes&quot;,&quot;pause_on_hover&quot;:&quot;yes&quot;,&quot;pause_on_interaction&quot;:&quot;yes&quot;,&quot;autoplay_speed&quot;:5000,&quot;infinite&quot;:&quot;yes&quot;,&quot;speed&quot;:500,&quot;image_spacing_custom_tablet&quot;:{&quot;unit&quot;:&quot;px&quot;,&quot;size&quot;:&quot;&quot;,&quot;sizes&quot;:[]},&quot;image_spacing_custom_mobile&quot;:{&quot;unit&quot;:&quot;px&quot;,&quot;size&quot;:&quot;&quot;,&quot;sizes&quot;:[]}}\" data-widget_type=\"image-carousel.default\">\n\t\t\t\t<div class=\"elementor-widget-container\">\n\t\t\t\t\t\t\t<div class=\"elementor-image-carousel-wrapper swiper\" role=\"region\" aria-roledescription=\"carousel\" aria-label=\"Bild Karussell\" dir=\"ltr\">\n\t\t\t<div class=\"elementor-image-carousel swiper-wrapper\" aria-live=\"off\">\n\t\t\t\t\t\t\t\t<div class=\"swiper-slide\" role=\"group\" aria-roledescription=\"slide\" aria-label=\"1 of 7\" data-no-translation-aria-label=\"\"><a data-elementor-open-lightbox=\"yes\" data-elementor-lightbox-slideshow=\"266c8c35\" data-elementor-lightbox-title=\"Wohnung St\u00fcbenwasen Haus Gerda\" data-e-action-hash=\"#elementor-action%3Aaction%3Dlightbox%26settings%3DeyJpZCI6MzY0LCJ1cmwiOiJodHRwczpcL1wvc2Nod2FyendhbGRtYWVkZWwtZmVyaWVud29obnVuZ2VuLmRlXC93cC1jb250ZW50XC91cGxvYWRzXC8yMDIwXC8wNVwvU2Nod2FyendhbGRtYWVkZWxGZXJpZW53b2hudW5nZW4tMTM3LmpwZyIsInNsaWRlc2hvdyI6IjI2NmM4YzM1In0%3D\" href=\"https:\/\/i0.wp.com\/schwarzwaldmaedel-ferienwohnungen.de\/wp-content\/uploads\/2020\/05\/SchwarzwaldmaedelFerienwohnungen-137.jpg?ssl=1\"><figure class=\"swiper-slide-inner\"><img data-recalc-dims=\"1\" decoding=\"async\" class=\"swiper-slide-image\" src=\"https:\/\/i0.wp.com\/schwarzwaldmaedel-ferienwohnungen.de\/wp-content\/uploads\/elementor\/thumbs\/SchwarzwaldmaedelFerienwohnungen-137-opej536q4xl1ct5b115q2eq5yza5pzcrnofsv1lsf8.jpg?ssl=1\" alt=\"Wohnraum mit Essecke und Sofa\" \/><figcaption class=\"elementor-image-carousel-caption\">Apartment \"St\u00fcbenwasen\" house Gerda<\/figcaption><\/figure><\/a><\/div><div class=\"swiper-slide\" role=\"group\" aria-roledescription=\"slide\" aria-label=\"2 of 7\" data-no-translation-aria-label=\"\"><a data-elementor-open-lightbox=\"yes\" data-elementor-lightbox-slideshow=\"266c8c35\" data-elementor-lightbox-title=\"Wohnung St\u00fcbenwasen Haus Gerda\" data-e-action-hash=\"#elementor-action%3Aaction%3Dlightbox%26settings%3DeyJpZCI6MzY4LCJ1cmwiOiJodHRwczpcL1wvc2Nod2FyendhbGRtYWVkZWwtZmVyaWVud29obnVuZ2VuLmRlXC93cC1jb250ZW50XC91cGxvYWRzXC8yMDIwXC8wNVwvVHlwOF9IR19LXHUwMGZjY2hlMi5qcGciLCJzbGlkZXNob3ciOiIyNjZjOGMzNSJ9\" href=\"https:\/\/i0.wp.com\/schwarzwaldmaedel-ferienwohnungen.de\/wp-content\/uploads\/2020\/05\/Typ8_HG_K%C3%BCche2.jpg?ssl=1\"><figure class=\"swiper-slide-inner\"><img data-recalc-dims=\"1\" decoding=\"async\" class=\"swiper-slide-image\" src=\"https:\/\/i0.wp.com\/schwarzwaldmaedel-ferienwohnungen.de\/wp-content\/uploads\/elementor\/thumbs\/Typ8_HG_K%C3%BCche2-opej5diy83z6wiqacnmmbu48i7v72nhtd3m5536gjc.jpg?ssl=1\" alt=\"K\u00fcche\" \/><figcaption class=\"elementor-image-carousel-caption\">Apartment \"St\u00fcbenwasen\" house Gerda<\/figcaption><\/figure><\/a><\/div><div class=\"swiper-slide\" role=\"group\" aria-roledescription=\"slide\" aria-label=\"3 of 7\" data-no-translation-aria-label=\"\"><a data-elementor-open-lightbox=\"yes\" data-elementor-lightbox-slideshow=\"266c8c35\" data-elementor-lightbox-title=\"Wohnung St\u00fcbenwasen Haus Gerda\" data-e-action-hash=\"#elementor-action%3Aaction%3Dlightbox%26settings%3DeyJpZCI6MzYyLCJ1cmwiOiJodHRwczpcL1wvc2Nod2FyendhbGRtYWVkZWwtZmVyaWVud29obnVuZ2VuLmRlXC93cC1jb250ZW50XC91cGxvYWRzXC8yMDIwXC8wNVwvU2Nod2FyendhbGRtYWVkZWxGZXJpZW53b2hudW5nZW4tMTM1LmpwZyIsInNsaWRlc2hvdyI6IjI2NmM4YzM1In0%3D\" href=\"https:\/\/i0.wp.com\/schwarzwaldmaedel-ferienwohnungen.de\/wp-content\/uploads\/2020\/05\/SchwarzwaldmaedelFerienwohnungen-135.jpg?ssl=1\"><figure class=\"swiper-slide-inner\"><img data-recalc-dims=\"1\" decoding=\"async\" class=\"swiper-slide-image\" src=\"https:\/\/i0.wp.com\/schwarzwaldmaedel-ferienwohnungen.de\/wp-content\/uploads\/elementor\/thumbs\/SchwarzwaldmaedelFerienwohnungen-135-opej4xjozxdbf5dhxypyng5eeo1yfsqdmwivzdu5gk.jpg?ssl=1\" alt=\"Schlafzimmer mit Doppelbett\" \/><figcaption class=\"elementor-image-carousel-caption\">Apartment \"St\u00fcbenwasen\" house Gerda<\/figcaption><\/figure><\/a><\/div><div class=\"swiper-slide\" role=\"group\" aria-roledescription=\"slide\" aria-label=\"4 of 7\" data-no-translation-aria-label=\"\"><a data-elementor-open-lightbox=\"yes\" data-elementor-lightbox-slideshow=\"266c8c35\" data-elementor-lightbox-title=\"Wohnung St\u00fcbenwasen Haus Gerda\" data-e-action-hash=\"#elementor-action%3Aaction%3Dlightbox%26settings%3DeyJpZCI6MzYzLCJ1cmwiOiJodHRwczpcL1wvc2Nod2FyendhbGRtYWVkZWwtZmVyaWVud29obnVuZ2VuLmRlXC93cC1jb250ZW50XC91cGxvYWRzXC8yMDIwXC8wNVwvU2Nod2FyendhbGRtYWVkZWxGZXJpZW53b2hudW5nZW4tMTM2LmpwZyIsInNsaWRlc2hvdyI6IjI2NmM4YzM1In0%3D\" href=\"https:\/\/i0.wp.com\/schwarzwaldmaedel-ferienwohnungen.de\/wp-content\/uploads\/2020\/05\/SchwarzwaldmaedelFerienwohnungen-136.jpg?ssl=1\"><figure class=\"swiper-slide-inner\"><img data-recalc-dims=\"1\" decoding=\"async\" class=\"swiper-slide-image\" src=\"https:\/\/i0.wp.com\/schwarzwaldmaedel-ferienwohnungen.de\/wp-content\/uploads\/elementor\/thumbs\/SchwarzwaldmaedelFerienwohnungen-136-opej50d7kfh6dz9ehhxucxfs6to22w1knahcf7pyxw.jpg?ssl=1\" alt=\"Schlafzimmer mit zwei Einzelbetten\" \/><figcaption class=\"elementor-image-carousel-caption\">Apartment \"St\u00fcbenwasen\" house Gerda<\/figcaption><\/figure><\/a><\/div><div class=\"swiper-slide\" role=\"group\" aria-roledescription=\"slide\" aria-label=\"5 of 7\" data-no-translation-aria-label=\"\"><a data-elementor-open-lightbox=\"yes\" data-elementor-lightbox-slideshow=\"266c8c35\" data-elementor-lightbox-title=\"Wohnung St\u00fcbenwasen Haus Gerda\" data-e-action-hash=\"#elementor-action%3Aaction%3Dlightbox%26settings%3DeyJpZCI6MzY1LCJ1cmwiOiJodHRwczpcL1wvc2Nod2FyendhbGRtYWVkZWwtZmVyaWVud29obnVuZ2VuLmRlXC93cC1jb250ZW50XC91cGxvYWRzXC8yMDIwXC8wNVwvU2Nod2FyendhbGRtYWVkZWxGZXJpZW53b2hudW5nZW4tMTM4LmpwZyIsInNsaWRlc2hvdyI6IjI2NmM4YzM1In0%3D\" href=\"https:\/\/i0.wp.com\/schwarzwaldmaedel-ferienwohnungen.de\/wp-content\/uploads\/2020\/05\/SchwarzwaldmaedelFerienwohnungen-138.jpg?ssl=1\"><figure class=\"swiper-slide-inner\"><img data-recalc-dims=\"1\" decoding=\"async\" class=\"swiper-slide-image\" src=\"https:\/\/i0.wp.com\/schwarzwaldmaedel-ferienwohnungen.de\/wp-content\/uploads\/elementor\/thumbs\/SchwarzwaldmaedelFerienwohnungen-138-opej552eilnm012kq1yz7e935r0w5dk8bxqrtlj02s.jpg?ssl=1\" alt=\"Wohnraum mit Essecke und Sofa\" \/><figcaption class=\"elementor-image-carousel-caption\">Apartment \"St\u00fcbenwasen\" house Gerda<\/figcaption><\/figure><\/a><\/div><div class=\"swiper-slide\" role=\"group\" aria-roledescription=\"slide\" aria-label=\"6 of 7\" data-no-translation-aria-label=\"\"><a data-elementor-open-lightbox=\"yes\" data-elementor-lightbox-slideshow=\"266c8c35\" data-elementor-lightbox-title=\"Wohnung St\u00fcbenwasen Haus Gerda\" data-e-action-hash=\"#elementor-action%3Aaction%3Dlightbox%26settings%3DeyJpZCI6MzY2LCJ1cmwiOiJodHRwczpcL1wvc2Nod2FyendhbGRtYWVkZWwtZmVyaWVud29obnVuZ2VuLmRlXC93cC1jb250ZW50XC91cGxvYWRzXC8yMDIwXC8wNVwvU2Nod2FyendhbGRtYWVkZWxGZXJpZW53b2hudW5nZW4tMTM5LmpwZyIsInNsaWRlc2hvdyI6IjI2NmM4YzM1In0%3D\" href=\"https:\/\/i0.wp.com\/schwarzwaldmaedel-ferienwohnungen.de\/wp-content\/uploads\/2020\/05\/SchwarzwaldmaedelFerienwohnungen-139.jpg?ssl=1\"><figure class=\"swiper-slide-inner\"><img data-recalc-dims=\"1\" decoding=\"async\" class=\"swiper-slide-image\" src=\"https:\/\/i0.wp.com\/schwarzwaldmaedel-ferienwohnungen.de\/wp-content\/uploads\/elementor\/thumbs\/SchwarzwaldmaedelFerienwohnungen-139-opej57vx33rgyuyh9l6uwvjgxwmzsgvfcbp89fetk4.jpg?ssl=1\" alt=\"Schlafzimmer mit Etagenbett\" \/><figcaption class=\"elementor-image-carousel-caption\">Apartment \"St\u00fcbenwasen\" house Gerda<\/figcaption><\/figure><\/a><\/div><div class=\"swiper-slide\" role=\"group\" aria-roledescription=\"slide\" aria-label=\"7 of 7\" data-no-translation-aria-label=\"\"><a data-elementor-open-lightbox=\"yes\" data-elementor-lightbox-slideshow=\"266c8c35\" data-elementor-lightbox-title=\"Wohnung St\u00fcbenwasen Haus Gerda\" data-e-action-hash=\"#elementor-action%3Aaction%3Dlightbox%26settings%3DeyJpZCI6MzY3LCJ1cmwiOiJodHRwczpcL1wvc2Nod2FyendhbGRtYWVkZWwtZmVyaWVud29obnVuZ2VuLmRlXC93cC1jb250ZW50XC91cGxvYWRzXC8yMDIwXC8wNVwvU2Nod2FyendhbGRtYWVkZWxGZXJpZW53b2hudW5nZW4tMTQwLmpwZyIsInNsaWRlc2hvdyI6IjI2NmM4YzM1In0%3D\" href=\"https:\/\/i0.wp.com\/schwarzwaldmaedel-ferienwohnungen.de\/wp-content\/uploads\/2020\/05\/SchwarzwaldmaedelFerienwohnungen-140.jpg?ssl=1\"><figure class=\"swiper-slide-inner\"><img data-recalc-dims=\"1\" decoding=\"async\" class=\"swiper-slide-image\" src=\"https:\/\/i0.wp.com\/schwarzwaldmaedel-ferienwohnungen.de\/wp-content\/uploads\/elementor\/thumbs\/SchwarzwaldmaedelFerienwohnungen-140-opej5apfnlvbxoudt4eqmctuq293fk6mcpnop9an1g.jpg?ssl=1\" alt=\"Badezimmer mit Dusche, WC separat\" \/><figcaption class=\"elementor-image-carousel-caption\">Apartment \"St\u00fcbenwasen\" house Gerda<\/figcaption><\/figure><\/a><\/div>\t\t\t<\/div>\n\t\t\t\t\t\t\t\t\t\t\t\t<div class=\"elementor-swiper-button elementor-swiper-button-prev\" role=\"button\" tabindex=\"0\">\n\t\t\t\t\t\t<i aria-hidden=\"true\" class=\"eicon-chevron-left\"><\/i>\t\t\t\t\t<\/div>\n\t\t\t\t\t<div class=\"elementor-swiper-button elementor-swiper-button-next\" role=\"button\" tabindex=\"0\">\n\t\t\t\t\t\t<i aria-hidden=\"true\" class=\"eicon-chevron-right\"><\/i>\t\t\t\t\t<\/div>\n\t\t\t\t\n\t\t\t\t\t\t\t\t\t<div class=\"swiper-pagination\"><\/div>\n\t\t\t\t\t\t\t\t\t<\/div>\n\t\t\t\t\t\t<\/div>\n\t\t\t\t<\/div>\n\t\t\t\t<div class=\"elementor-element elementor-element-1856259a elementor-widget elementor-widget-text-editor\" data-id=\"1856259a\" data-element_type=\"widget\" data-e-type=\"widget\" data-widget_type=\"text-editor.default\">\n\t\t\t\t<div class=\"elementor-widget-container\">\n\t\t\t\t\t\t\t\t\t<p><\/p>\n<p>The 4-room holiday apartment with 75 m\u00b2 is suitable for 5 - 6 persons.\u00a0<\/p>\n<p><strong>The apartment has:<\/strong><\/p>\n<ul>\n<li>Living room with double sofa, arm-chairs, dining place, SAT-TV<\/li>\n<li>Bedroom with double bed<\/li>\n<li>Bedroom with bunk bed<\/li>\n<li>Bedroom with two single beds<\/li>\n<li>Fully equipped kitchen with ceramic hob, refrigerator, dishwasher, microwave, filter coffee machine, toaster, kettle<\/li>\n<li>Bathroom with shower and double sink, separate WC<\/li>\n<li>South-east balcony<\/li>\n<\/ul>\n<p>The apartment is located in house Gerda: Apartment \"St\u00fcbenwasen\"<\/p>\n<p><strong>With your apartment key, the facilities of both houses are accessible at any time.<\/strong><\/p>\t\t\t\t\t\t\t\t<\/div>\n\t\t\t\t<\/div>\n\t\t\t\t\t<\/div>\n\t\t<\/div>\n\t\t\t\t\t<\/div>\n\t\t<\/section>\n\t\t\t\t<section class=\"elementor-section elementor-top-section elementor-element elementor-element-663defd elementor-section-boxed elementor-section-height-default elementor-section-height-default\" data-id=\"663defd\" data-element_type=\"section\" data-e-type=\"section\">\n\t\t\t\t\t\t<div class=\"elementor-container elementor-column-gap-default\">\n\t\t\t\t\t<div class=\"aux-parallax-section elementor-column elementor-col-100 elementor-top-column elementor-element elementor-element-e11ef59\" data-id=\"e11ef59\" data-element_type=\"column\" data-e-type=\"column\">\n\t\t\t<div class=\"elementor-widget-wrap elementor-element-populated\">\n\t\t\t\t\t\t<div class=\"elementor-element elementor-element-1974fa83 elementor-widget elementor-widget-accordion\" data-id=\"1974fa83\" data-element_type=\"widget\" data-e-type=\"widget\" data-widget_type=\"accordion.default\">\n\t\t\t\t<div class=\"elementor-widget-container\">\n\t\t\t\t\t\t\t<div class=\"elementor-accordion\">\n\t\t\t\t\t\t\t<div class=\"elementor-accordion-item\">\n\t\t\t\t\t<div id=\"elementor-tab-title-4271\" class=\"elementor-tab-title\" data-tab=\"1\" role=\"button\" aria-controls=\"elementor-tab-content-4271\" aria-expanded=\"false\">\n\t\t\t\t\t\t\t\t\t\t\t\t\t<span class=\"elementor-accordion-icon elementor-accordion-icon-left\" aria-hidden=\"true\">\n\t\t\t\t\t\t\t\t\t\t\t\t\t\t\t<span class=\"elementor-accordion-icon-closed\"><i class=\"fas fa-plus\"><\/i><\/span>\n\t\t\t\t\t\t\t\t<span class=\"elementor-accordion-icon-opened\"><i class=\"fas fa-minus\"><\/i><\/span>\n\t\t\t\t\t\t\t\t\t\t\t\t\t\t<\/span>\n\t\t\t\t\t\t\t\t\t\t\t\t<a class=\"elementor-accordion-title\" tabindex=\"0\">Facilities house Michaela<\/a>\n\t\t\t\t\t<\/div>\n\t\t\t\t\t<div id=\"elementor-tab-content-4271\" class=\"elementor-tab-content elementor-clearfix\" data-tab=\"1\" role=\"region\" aria-labelledby=\"elementor-tab-title-4271\"><ul>\n<li>Spacious bathing area with the 5 x 12 m indoor pool with underwater geyser (water temperature approx. 28\u00b0)<\/li>\n<li>Whirlpool corner with underwater massage jets<\/li>\n<li>Sauna or herbal steam bath (\u20ac 18,00 up to 1,5h)<\/li>\n<li><strong>Breakfast room<\/strong> for max. 25 persons; <strong>Breakfast buffet<\/strong> auf Anfrage, ab 8 Personen f\u00fcr \u20ac 15, Kinder erm\u00e4\u00dfigt<\/li>\n<\/ul><\/div>\n\t\t\t\t<\/div>\n\t\t\t\t\t\t\t<div class=\"elementor-accordion-item\">\n\t\t\t\t\t<div id=\"elementor-tab-title-4272\" class=\"elementor-tab-title\" data-tab=\"2\" role=\"button\" aria-controls=\"elementor-tab-content-4272\" aria-expanded=\"false\">\n\t\t\t\t\t\t\t\t\t\t\t\t\t<span class=\"elementor-accordion-icon elementor-accordion-icon-left\" aria-hidden=\"true\">\n\t\t\t\t\t\t\t\t\t\t\t\t\t\t\t<span class=\"elementor-accordion-icon-closed\"><i class=\"fas fa-plus\"><\/i><\/span>\n\t\t\t\t\t\t\t\t<span class=\"elementor-accordion-icon-opened\"><i class=\"fas fa-minus\"><\/i><\/span>\n\t\t\t\t\t\t\t\t\t\t\t\t\t\t<\/span>\n\t\t\t\t\t\t\t\t\t\t\t\t<a class=\"elementor-accordion-title\" tabindex=\"0\">Facilities house Gerda<\/a>\n\t\t\t\t\t<\/div>\n\t\t\t\t\t<div id=\"elementor-tab-content-4272\" class=\"elementor-tab-content elementor-clearfix\" data-tab=\"2\" role=\"region\" aria-labelledby=\"elementor-tab-title-4272\"><ul>\n<li><strong>E-charging station<\/strong><\/li>\n<li>Children's play room<\/li>\n<li>Self-service washing machine \u20ac 5.00<\/li>\n<li>Dryer \u20ac 5.00<\/li>\n<li>Playground and sunbathing area with barbecue<\/li>\n<\/ul><\/div>\n\t\t\t\t<\/div>\n\t\t\t\t\t\t\t<div class=\"elementor-accordion-item\">\n\t\t\t\t\t<div id=\"elementor-tab-title-4273\" class=\"elementor-tab-title\" data-tab=\"3\" role=\"button\" aria-controls=\"elementor-tab-content-4273\" aria-expanded=\"false\">\n\t\t\t\t\t\t\t\t\t\t\t\t\t<span class=\"elementor-accordion-icon elementor-accordion-icon-left\" aria-hidden=\"true\">\n\t\t\t\t\t\t\t\t\t\t\t\t\t\t\t<span class=\"elementor-accordion-icon-closed\"><i class=\"fas fa-plus\"><\/i><\/span>\n\t\t\t\t\t\t\t\t<span class=\"elementor-accordion-icon-opened\"><i class=\"fas fa-minus\"><\/i><\/span>\n\t\t\t\t\t\t\t\t\t\t\t\t\t\t<\/span>\n\t\t\t\t\t\t\t\t\t\t\t\t<a class=\"elementor-accordion-title\" tabindex=\"0\">Facilities in general and Services<\/a>\n\t\t\t\t\t<\/div>\n\t\t\t\t\t<div id=\"elementor-tab-content-4273\" class=\"elementor-tab-content elementor-clearfix\" data-tab=\"3\" role=\"region\" aria-labelledby=\"elementor-tab-title-4273\"><p>In both houses you will also find:<\/p>\n<ul>\n<li>sufficient parking spaces<\/li>\n<li>Ski and bike storage room<\/li>\n<li>Self-service beverage offer<\/li>\n<li>Wifi access<\/li>\n<\/ul>\n<p>Each apartment also has included:<\/p>\n<ul>\n<li>Bed linen<\/li>\n<li>Towels<\/li>\n<li>Hairdryer<\/li>\n<li>Wifi access<\/li>\n<\/ul>\n<p>Services agains payment<\/p>\n<ul>\n<li>Bread roll service<\/li>\n<li>Shopping service (initial supply of groceries upon arrival)<\/li>\n<\/ul><\/div>\n\t\t\t\t<\/div>\n\t\t\t\t\t\t\t\t<\/div>\n\t\t\t\t\t\t<\/div>\n\t\t\t\t<\/div>\n\t\t\t\t<div class=\"elementor-element elementor-element-bc027bc elementor-widget elementor-widget-text-editor\" data-id=\"bc027bc\" data-element_type=\"widget\" data-e-type=\"widget\" data-widget_type=\"text-editor.default\">\n\t\t\t\t<div class=\"elementor-widget-container\">\n\t\t\t\t\t\t\t\t\t<div><em><strong>Pets<\/strong> we cannot accept.<\/em><\/div><div><em>In the interest of all guests, smoking must be limited to the balcony or outdoor terrace. Our apartments are <strong>non-smoking apartments<\/strong>.<\/em><\/div>\t\t\t\t\t\t\t\t<\/div>\n\t\t\t\t<\/div>\n\t\t\t\t\t<\/div>\n\t\t<\/div>\n\t\t\t\t\t<\/div>\n\t\t<\/section>\n\t\t\t\t<section class=\"elementor-section elementor-top-section elementor-element elementor-element-6fbb4684 elementor-section-boxed elementor-section-height-default elementor-section-height-default\" data-id=\"6fbb4684\" data-element_type=\"section\" data-e-type=\"section\">\n\t\t\t\t\t\t<div class=\"elementor-container elementor-column-gap-default\">\n\t\t\t\t\t<div class=\"aux-parallax-section elementor-column elementor-col-100 elementor-top-column elementor-element elementor-element-1d21c8c\" data-id=\"1d21c8c\" data-element_type=\"column\" data-e-type=\"column\">\n\t\t\t<div class=\"elementor-widget-wrap elementor-element-populated\">\n\t\t\t\t\t\t<div class=\"elementor-element elementor-element-74bbd052 elementor-widget elementor-widget-text-editor\" data-id=\"74bbd052\" data-element_type=\"widget\" data-e-type=\"widget\" data-widget_type=\"text-editor.default\">\n\t\t\t\t<div class=\"elementor-widget-container\">\n\t\t\t\t\t\t\t\t\t<p><strong>Other apartments:<\/strong><\/p>\t\t\t\t\t\t\t\t<\/div>\n\t\t\t\t<\/div>\n\t\t\t\t<div class=\"elementor-element elementor-element-10de0a15 elementor-align-start elementor-icon-list--layout-traditional elementor-list-item-link-full_width elementor-widget elementor-widget-icon-list\" data-id=\"10de0a15\" data-element_type=\"widget\" data-e-type=\"widget\" data-widget_type=\"icon-list.default\">\n\t\t\t\t<div class=\"elementor-widget-container\">\n\t\t\t\t\t\t\t<ul class=\"elementor-icon-list-items\">\n\t\t\t\t\t\t\t<li class=\"elementor-icon-list-item\">\n\t\t\t\t\t\t\t\t\t\t\t<a href=\"https:\/\/schwarzwaldmaedel-ferienwohnungen.de\/en\/ferienwohnungen\/ferienwohnung-2-personen\/\">\n\n\t\t\t\t\t\t\t\t\t\t\t\t<span class=\"elementor-icon-list-icon\">\n\t\t\t\t\t\t\t<i aria-hidden=\"true\" class=\"fas fa-bed\"><\/i>\t\t\t\t\t\t<\/span>\n\t\t\t\t\t\t\t\t\t\t<span class=\"elementor-icon-list-text\">Apartment for max. 2 persons (30 m\u00b2, Studio)<\/span>\n\t\t\t\t\t\t\t\t\t\t\t<\/a>\n\t\t\t\t\t\t\t\t\t<\/li>\n\t\t\t\t\t\t\t\t<li class=\"elementor-icon-list-item\">\n\t\t\t\t\t\t\t\t\t\t\t<a href=\"https:\/\/schwarzwaldmaedel-ferienwohnungen.de\/en\/ferienwohnungen\/ferienwohnung-3-personen\/\">\n\n\t\t\t\t\t\t\t\t\t\t\t\t<span class=\"elementor-icon-list-icon\">\n\t\t\t\t\t\t\t<i aria-hidden=\"true\" class=\"fas fa-bed\"><\/i>\t\t\t\t\t\t<\/span>\n\t\t\t\t\t\t\t\t\t\t<span class=\"elementor-icon-list-text\">Apartment for max. 3 persons (38 m\u00b2, Studio)<\/span>\n\t\t\t\t\t\t\t\t\t\t\t<\/a>\n\t\t\t\t\t\t\t\t\t<\/li>\n\t\t\t\t\t\t\t\t<li class=\"elementor-icon-list-item\">\n\t\t\t\t\t\t\t\t\t\t\t<a href=\"https:\/\/schwarzwaldmaedel-ferienwohnungen.de\/en\/ferienwohnungen\/ferienwohnung-4-personen\/\">\n\n\t\t\t\t\t\t\t\t\t\t\t\t<span class=\"elementor-icon-list-icon\">\n\t\t\t\t\t\t\t<i aria-hidden=\"true\" class=\"fas fa-bed\"><\/i>\t\t\t\t\t\t<\/span>\n\t\t\t\t\t\t\t\t\t\t<span class=\"elementor-icon-list-text\">Apartment for max. 4 persons (45 m\u00b2, 1 bedroom)<\/span>\n\t\t\t\t\t\t\t\t\t\t\t<\/a>\n\t\t\t\t\t\t\t\t\t<\/li>\n\t\t\t\t\t\t\t\t<li class=\"elementor-icon-list-item\">\n\t\t\t\t\t\t\t\t\t\t\t<a href=\"https:\/\/schwarzwaldmaedel-ferienwohnungen.de\/en\/ferienwohnung-sonnenterrasse-fuer-max-4-personen\/\">\n\n\t\t\t\t\t\t\t\t\t\t\t\t<span class=\"elementor-icon-list-icon\">\n\t\t\t\t\t\t\t<i aria-hidden=\"true\" class=\"fas fa-bed\"><\/i>\t\t\t\t\t\t<\/span>\n\t\t\t\t\t\t\t\t\t\t<span class=\"elementor-icon-list-text\">Apartment \"Sun terrace\" for max. 4 persons (45 m\u00b2, 1 bedroom)<\/span>\n\t\t\t\t\t\t\t\t\t\t\t<\/a>\n\t\t\t\t\t\t\t\t\t<\/li>\n\t\t\t\t\t\t\t\t<li class=\"elementor-icon-list-item\">\n\t\t\t\t\t\t\t\t\t\t\t<a href=\"https:\/\/schwarzwaldmaedel-ferienwohnungen.de\/en\/ferienwohnungen\/ferienwohnung-neu-fuer-max-5-personen\/\">\n\n\t\t\t\t\t\t\t\t\t\t\t\t<span class=\"elementor-icon-list-icon\">\n\t\t\t\t\t\t\t<i aria-hidden=\"true\" class=\"fas fa-bed\"><\/i>\t\t\t\t\t\t<\/span>\n\t\t\t\t\t\t\t\t\t\t<span class=\"elementor-icon-list-text\">Apartment \"new\" for max. 5 persons (55 m\u00b2, 1 bedroom)<\/span>\n\t\t\t\t\t\t\t\t\t\t\t<\/a>\n\t\t\t\t\t\t\t\t\t<\/li>\n\t\t\t\t\t\t\t\t<li class=\"elementor-icon-list-item\">\n\t\t\t\t\t\t\t\t\t\t\t<a href=\"https:\/\/schwarzwaldmaedel-ferienwohnungen.de\/en\/ferienwohnungen\/ferienwohnung-5-personen\/\">\n\n\t\t\t\t\t\t\t\t\t\t\t\t<span class=\"elementor-icon-list-icon\">\n\t\t\t\t\t\t\t<i aria-hidden=\"true\" class=\"fas fa-bed\"><\/i>\t\t\t\t\t\t<\/span>\n\t\t\t\t\t\t\t\t\t\t<span class=\"elementor-icon-list-text\">Apartment for max. 5 persons (55 m\u00b2, 1 bedroom)<\/span>\n\t\t\t\t\t\t\t\t\t\t\t<\/a>\n\t\t\t\t\t\t\t\t\t<\/li>\n\t\t\t\t\t\t\t\t<li class=\"elementor-icon-list-item\">\n\t\t\t\t\t\t\t\t\t\t\t<a href=\"https:\/\/schwarzwaldmaedel-ferienwohnungen.de\/en\/ferienwohnungen\/ferienwohnung-6-personen\/\">\n\n\t\t\t\t\t\t\t\t\t\t\t\t<span class=\"elementor-icon-list-icon\">\n\t\t\t\t\t\t\t<i aria-hidden=\"true\" class=\"fas fa-bed\"><\/i>\t\t\t\t\t\t<\/span>\n\t\t\t\t\t\t\t\t\t\t<span class=\"elementor-icon-list-text\">Apartment for max. 6 persons (65 m\u00b2, 2 bedrooms)<\/span>\n\t\t\t\t\t\t\t\t\t\t\t<\/a>\n\t\t\t\t\t\t\t\t\t<\/li>\n\t\t\t\t\t\t\t\t<li class=\"elementor-icon-list-item\">\n\t\t\t\t\t\t\t\t\t\t\t<a href=\"https:\/\/schwarzwaldmaedel-ferienwohnungen.de\/en\/ferienwohnungen\/ferienwohnung-6-personen-silberberg\/\">\n\n\t\t\t\t\t\t\t\t\t\t\t\t<span class=\"elementor-icon-list-icon\">\n\t\t\t\t\t\t\t<i aria-hidden=\"true\" class=\"fas fa-bed\"><\/i>\t\t\t\t\t\t<\/span>\n\t\t\t\t\t\t\t\t\t\t<span class=\"elementor-icon-list-text\">Apartment for max. 6 persons \"Silberberg\" (70 m\u00b2, 2 bedrooms)<\/span>\n\t\t\t\t\t\t\t\t\t\t\t<\/a>\n\t\t\t\t\t\t\t\t\t<\/li>\n\t\t\t\t\t\t\t\t<li class=\"elementor-icon-list-item\">\n\t\t\t\t\t\t\t\t\t\t\t<a href=\"https:\/\/schwarzwaldmaedel-ferienwohnungen.de\/en\/ferienwohnungen\/ferienwohnung-6-personen-schauinsland\/\">\n\n\t\t\t\t\t\t\t\t\t\t\t\t<span class=\"elementor-icon-list-icon\">\n\t\t\t\t\t\t\t<i aria-hidden=\"true\" class=\"fas fa-bed\"><\/i>\t\t\t\t\t\t<\/span>\n\t\t\t\t\t\t\t\t\t\t<span class=\"elementor-icon-list-text\">Apartment for max. 6 persons \"Schauinsland\" (80 m\u00b2, 2 bedrooms)<\/span>\n\t\t\t\t\t\t\t\t\t\t\t<\/a>\n\t\t\t\t\t\t\t\t\t<\/li>\n\t\t\t\t\t\t<\/ul>\n\t\t\t\t\t\t<\/div>\n\t\t\t\t<\/div>\n\t\t\t\t\t<\/div>\n\t\t<\/div>\n\t\t\t\t\t<\/div>\n\t\t<\/section>\n\t\t\t\t<\/div>","protected":false},"excerpt":{"rendered":"<p>Wohnung St\u00fcbenwasen Haus Gerda Wohnung St\u00fcbenwasen Haus Gerda Wohnung St\u00fcbenwasen Haus Gerda Wohnung St\u00fcbenwasen Haus Gerda Wohnung St\u00fcbenwasen Haus Gerda Wohnung St\u00fcbenwasen Haus Gerda Wohnung St\u00fcbenwasen Haus Gerda Die 4-Zimmerferienwohnung mit 75 m\u00b2 ist f\u00fcr 5 &#8211; 6 Personen geeignet.\u00a0 Die Ferienwohnung verf\u00fcgt \u00fcber: Wohnraum mit Doppelcouch, Sessel, Sat-TV, Essbereich Schlafzimmer mit Doppelbett Schlafzimmer mit [&hellip;]<\/p>\n","protected":false},"author":2,"featured_media":0,"parent":266,"menu_order":0,"comment_status":"closed","ping_status":"closed","template":"","meta":{"advanced_seo_description":"","jetpack_seo_html_title":"","jetpack_seo_noindex":false,"footnotes":""},"class_list":["post-186","page","type-page","status-publish","hentry"],"jetpack_shortlink":"https:\/\/wp.me\/PbXKzQ-30","jetpack_sharing_enabled":true,"_links":{"self":[{"href":"https:\/\/schwarzwaldmaedel-ferienwohnungen.de\/en\/wp-json\/wp\/v2\/pages\/186","targetHints":{"allow":["GET"]}}],"collection":[{"href":"https:\/\/schwarzwaldmaedel-ferienwohnungen.de\/en\/wp-json\/wp\/v2\/pages"}],"about":[{"href":"https:\/\/schwarzwaldmaedel-ferienwohnungen.de\/en\/wp-json\/wp\/v2\/types\/page"}],"author":[{"embeddable":true,"href":"https:\/\/schwarzwaldmaedel-ferienwohnungen.de\/en\/wp-json\/wp\/v2\/users\/2"}],"replies":[{"embeddable":true,"href":"https:\/\/schwarzwaldmaedel-ferienwohnungen.de\/en\/wp-json\/wp\/v2\/comments?post=186"}],"version-history":[{"count":10,"href":"https:\/\/schwarzwaldmaedel-ferienwohnungen.de\/en\/wp-json\/wp\/v2\/pages\/186\/revisions"}],"predecessor-version":[{"id":2660,"href":"https:\/\/schwarzwaldmaedel-ferienwohnungen.de\/en\/wp-json\/wp\/v2\/pages\/186\/revisions\/2660"}],"up":[{"embeddable":true,"href":"https:\/\/schwarzwaldmaedel-ferienwohnungen.de\/en\/wp-json\/wp\/v2\/pages\/266"}],"wp:attachment":[{"href":"https:\/\/schwarzwaldmaedel-ferienwohnungen.de\/en\/wp-json\/wp\/v2\/media?parent=186"}],"curies":[{"name":"wp","href":"https:\/\/api.w.org\/{rel}","templated":true}]}}