{"id":169,"date":"2020-05-03T12:28:12","date_gmt":"2020-05-03T10:28:12","guid":{"rendered":"http:\/\/fewo.benedikt-doll.de\/?page_id=169"},"modified":"2025-06-23T20:45:08","modified_gmt":"2025-06-23T18:45:08","slug":"ferienwohnung-3-personen","status":"publish","type":"page","link":"https:\/\/schwarzwaldmaedel-ferienwohnungen.de\/en\/ferienwohnungen\/ferienwohnung-3-personen\/","title":{"rendered":"Apartment for max. 3 persons"},"content":{"rendered":"<div data-elementor-type=\"wp-page\" data-elementor-id=\"169\" class=\"elementor elementor-169\" data-elementor-post-type=\"page\">\n\t\t\t\t\t\t<section class=\"elementor-section elementor-top-section elementor-element elementor-element-451f81dc elementor-section-boxed elementor-section-height-default elementor-section-height-default\" data-id=\"451f81dc\" data-element_type=\"section\" data-e-type=\"section\">\n\t\t\t\t\t\t<div class=\"elementor-container elementor-column-gap-default\">\n\t\t\t\t\t<div class=\"aux-parallax-section elementor-column elementor-col-100 elementor-top-column elementor-element elementor-element-4c1352e0\" data-id=\"4c1352e0\" data-element_type=\"column\" data-e-type=\"column\">\n\t\t\t<div class=\"elementor-widget-wrap elementor-element-populated\">\n\t\t\t\t\t\t<div class=\"elementor-element elementor-element-39b03478 elementor-arrows-position-outside elementor-pagination-position-outside elementor-widget elementor-widget-image-carousel\" data-id=\"39b03478\" data-element_type=\"widget\" data-e-type=\"widget\" data-settings=\"{&quot;image_spacing_custom&quot;:{&quot;unit&quot;:&quot;px&quot;,&quot;size&quot;:15,&quot;sizes&quot;:[]},&quot;navigation&quot;:&quot;both&quot;,&quot;autoplay&quot;:&quot;yes&quot;,&quot;pause_on_hover&quot;:&quot;yes&quot;,&quot;pause_on_interaction&quot;:&quot;yes&quot;,&quot;autoplay_speed&quot;:5000,&quot;infinite&quot;:&quot;yes&quot;,&quot;speed&quot;:500,&quot;image_spacing_custom_tablet&quot;:{&quot;unit&quot;:&quot;px&quot;,&quot;size&quot;:&quot;&quot;,&quot;sizes&quot;:[]},&quot;image_spacing_custom_mobile&quot;:{&quot;unit&quot;:&quot;px&quot;,&quot;size&quot;:&quot;&quot;,&quot;sizes&quot;:[]}}\" data-widget_type=\"image-carousel.default\">\n\t\t\t\t<div class=\"elementor-widget-container\">\n\t\t\t\t\t\t\t<div class=\"elementor-image-carousel-wrapper swiper\" role=\"region\" aria-roledescription=\"carousel\" aria-label=\"Bild Karussell\" dir=\"ltr\">\n\t\t\t<div class=\"elementor-image-carousel swiper-wrapper\" aria-live=\"off\">\n\t\t\t\t\t\t\t\t<div class=\"swiper-slide\" role=\"group\" aria-roledescription=\"slide\" aria-label=\"1 of 5\" data-no-translation-aria-label=\"\"><a data-elementor-open-lightbox=\"yes\" data-elementor-lightbox-slideshow=\"39b03478\" data-elementor-lightbox-title=\"Wohnung Heub\u00fchl Haus Michaela\" data-e-action-hash=\"#elementor-action%3Aaction%3Dlightbox%26settings%3DeyJpZCI6MjAwLCJ1cmwiOiJodHRwczpcL1wvc2Nod2FyendhbGRtYWVkZWwtZmVyaWVud29obnVuZ2VuLmRlXC93cC1jb250ZW50XC91cGxvYWRzXC8yMDIwXC8wNVwvU2Nod2FyendhbGRtYWVkZWxGZXJpZW53b2hudW5nZW4tTThXRUItNS5qcGciLCJzbGlkZXNob3ciOiIzOWIwMzQ3OCJ9\" href=\"https:\/\/i0.wp.com\/schwarzwaldmaedel-ferienwohnungen.de\/wp-content\/uploads\/2020\/05\/SchwarzwaldmaedelFerienwohnungen-M8WEB-5.jpg?ssl=1\"><figure class=\"swiper-slide-inner\"><img data-recalc-dims=\"1\" decoding=\"async\" class=\"swiper-slide-image\" src=\"https:\/\/i0.wp.com\/schwarzwaldmaedel-ferienwohnungen.de\/wp-content\/uploads\/elementor\/thumbs\/SchwarzwaldmaedelFerienwohnungen-M8WEB-5-op0jhs79yz7047vo46bu4a3vqk6du4bvu1tkcn2lgk.jpg?ssl=1\" alt=\"1-Raum Apartment mit abgetrenntem Doppelbett\" \/><figcaption class=\"elementor-image-carousel-caption\">Apartment \"Heub\u00fchl\" house Michaela<\/figcaption><\/figure><\/a><\/div><div class=\"swiper-slide\" role=\"group\" aria-roledescription=\"slide\" aria-label=\"2 of 5\" data-no-translation-aria-label=\"\"><a data-elementor-open-lightbox=\"yes\" data-elementor-lightbox-slideshow=\"39b03478\" data-elementor-lightbox-title=\"Wohnung Heub\u00fchl Haus Michaela\" data-e-action-hash=\"#elementor-action%3Aaction%3Dlightbox%26settings%3DeyJpZCI6MTk5LCJ1cmwiOiJodHRwczpcL1wvc2Nod2FyendhbGRtYWVkZWwtZmVyaWVud29obnVuZ2VuLmRlXC93cC1jb250ZW50XC91cGxvYWRzXC8yMDIwXC8wNVwvU2Nod2FyendhbGRtYWVkZWxGZXJpZW53b2hudW5nZW4tTThXRUItNC5qcGciLCJzbGlkZXNob3ciOiIzOWIwMzQ3OCJ9\" href=\"https:\/\/i0.wp.com\/schwarzwaldmaedel-ferienwohnungen.de\/wp-content\/uploads\/2020\/05\/SchwarzwaldmaedelFerienwohnungen-M8WEB-4.jpg?ssl=1\"><figure class=\"swiper-slide-inner\"><img data-recalc-dims=\"1\" decoding=\"async\" class=\"swiper-slide-image\" src=\"https:\/\/i0.wp.com\/schwarzwaldmaedel-ferienwohnungen.de\/wp-content\/uploads\/elementor\/thumbs\/SchwarzwaldmaedelFerienwohnungen-M8WEB-4-op0jhqbllb4fgzyef5ikzakyjsfneq4f5sile35dt0.jpg?ssl=1\" alt=\"1-Raum Apartment mit abgetrenntem Doppelbett\" \/><figcaption class=\"elementor-image-carousel-caption\">Apartment \"Heub\u00fchl\" house Michaela<\/figcaption><\/figure><\/a><\/div><div class=\"swiper-slide\" role=\"group\" aria-roledescription=\"slide\" aria-label=\"3 of 5\" data-no-translation-aria-label=\"\"><a data-elementor-open-lightbox=\"yes\" data-elementor-lightbox-slideshow=\"39b03478\" data-elementor-lightbox-title=\"Wohnung Heub\u00fchl Haus Michaela\" data-e-action-hash=\"#elementor-action%3Aaction%3Dlightbox%26settings%3DeyJpZCI6MTk4LCJ1cmwiOiJodHRwczpcL1wvc2Nod2FyendhbGRtYWVkZWwtZmVyaWVud29obnVuZ2VuLmRlXC93cC1jb250ZW50XC91cGxvYWRzXC8yMDIwXC8wNVwvU2Nod2FyendhbGRtYWVkZWxGZXJpZW53b2hudW5nZW4tTThXRUItMy5qcGciLCJzbGlkZXNob3ciOiIzOWIwMzQ3OCJ9\" href=\"https:\/\/i0.wp.com\/schwarzwaldmaedel-ferienwohnungen.de\/wp-content\/uploads\/2020\/05\/SchwarzwaldmaedelFerienwohnungen-M8WEB-3.jpg?ssl=1\"><figure class=\"swiper-slide-inner\"><img data-recalc-dims=\"1\" decoding=\"async\" class=\"swiper-slide-image\" src=\"https:\/\/i0.wp.com\/schwarzwaldmaedel-ferienwohnungen.de\/wp-content\/uploads\/elementor\/thumbs\/SchwarzwaldmaedelFerienwohnungen-M8WEB-3-op0jhni30t0ki62hvmap9takrmtjrmt85ek4y99kbo.jpg?ssl=1\" alt=\"1-Raum Apartment mit abgetrenntem Doppelbett\" \/><figcaption class=\"elementor-image-carousel-caption\">Apartment \"Heub\u00fchl\" house Michaela<\/figcaption><\/figure><\/a><\/div><div class=\"swiper-slide\" role=\"group\" aria-roledescription=\"slide\" aria-label=\"4 of 5\" data-no-translation-aria-label=\"\"><a data-elementor-open-lightbox=\"yes\" data-elementor-lightbox-slideshow=\"39b03478\" data-elementor-lightbox-title=\"Wohnung Heub\u00fchl Haus Michaela\" data-e-action-hash=\"#elementor-action%3Aaction%3Dlightbox%26settings%3DeyJpZCI6MTk3LCJ1cmwiOiJodHRwczpcL1wvc2Nod2FyendhbGRtYWVkZWwtZmVyaWVud29obnVuZ2VuLmRlXC93cC1jb250ZW50XC91cGxvYWRzXC8yMDIwXC8wNVwvU2Nod2FyendhbGRtYWVkZWxGZXJpZW53b2hudW5nZW4tTThXRUItMi5qcGciLCJzbGlkZXNob3ciOiIzOWIwMzQ3OCJ9\" href=\"https:\/\/i0.wp.com\/schwarzwaldmaedel-ferienwohnungen.de\/wp-content\/uploads\/2020\/05\/SchwarzwaldmaedelFerienwohnungen-M8WEB-2.jpg?ssl=1\"><figure class=\"swiper-slide-inner\"><img data-recalc-dims=\"1\" decoding=\"async\" class=\"swiper-slide-image\" src=\"https:\/\/i0.wp.com\/schwarzwaldmaedel-ferienwohnungen.de\/wp-content\/uploads\/elementor\/thumbs\/SchwarzwaldmaedelFerienwohnungen-M8WEB-2-op0jhkokgawpjc6lc32tkc06zh7g4ji150loifdquc.jpg?ssl=1\" alt=\"Badezimmer mit Dusche und WC\" \/><figcaption class=\"elementor-image-carousel-caption\">Apartment \"Heub\u00fchl\" house Michaela<\/figcaption><\/figure><\/a><\/div><div class=\"swiper-slide\" role=\"group\" aria-roledescription=\"slide\" aria-label=\"5 of 5\" data-no-translation-aria-label=\"\"><a data-elementor-open-lightbox=\"yes\" data-elementor-lightbox-slideshow=\"39b03478\" data-elementor-lightbox-title=\"Wohnung Heub\u00fchl Haus Michaela\" data-e-action-hash=\"#elementor-action%3Aaction%3Dlightbox%26settings%3DeyJpZCI6MTk2LCJ1cmwiOiJodHRwczpcL1wvc2Nod2FyendhbGRtYWVkZWwtZmVyaWVud29obnVuZ2VuLmRlXC93cC1jb250ZW50XC91cGxvYWRzXC8yMDIwXC8wNVwvU2Nod2FyendhbGRtYWVkZWxGZXJpZW53b2hudW5nZW4tTThXRUItMS5qcGciLCJzbGlkZXNob3ciOiIzOWIwMzQ3OCJ9\" href=\"https:\/\/i0.wp.com\/schwarzwaldmaedel-ferienwohnungen.de\/wp-content\/uploads\/2020\/05\/SchwarzwaldmaedelFerienwohnungen-M8WEB-1.jpg?ssl=1\"><figure class=\"swiper-slide-inner\"><img data-recalc-dims=\"1\" decoding=\"async\" class=\"swiper-slide-image\" src=\"https:\/\/i0.wp.com\/schwarzwaldmaedel-ferienwohnungen.de\/wp-content\/uploads\/elementor\/thumbs\/SchwarzwaldmaedelFerienwohnungen-M8WEB-1-op0jhhv1vssukiaosjuxuupt7blchg6u4mn82lhxcq.jpg?ssl=1\" alt=\"Badezimmer mit Dusche und WC\" \/><figcaption class=\"elementor-image-carousel-caption\">Apartment \"Heub\u00fchl\" house Michaela<\/figcaption><\/figure><\/a><\/div>\t\t\t<\/div>\n\t\t\t\t\t\t\t\t\t\t\t\t<div class=\"elementor-swiper-button elementor-swiper-button-prev\" role=\"button\" tabindex=\"0\">\n\t\t\t\t\t\t<i aria-hidden=\"true\" class=\"eicon-chevron-left\"><\/i>\t\t\t\t\t<\/div>\n\t\t\t\t\t<div class=\"elementor-swiper-button elementor-swiper-button-next\" role=\"button\" tabindex=\"0\">\n\t\t\t\t\t\t<i aria-hidden=\"true\" class=\"eicon-chevron-right\"><\/i>\t\t\t\t\t<\/div>\n\t\t\t\t\n\t\t\t\t\t\t\t\t\t<div class=\"swiper-pagination\"><\/div>\n\t\t\t\t\t\t\t\t\t<\/div>\n\t\t\t\t\t\t<\/div>\n\t\t\t\t<\/div>\n\t\t\t\t<div class=\"elementor-element elementor-element-70cf5c04 elementor-widget elementor-widget-text-editor\" data-id=\"70cf5c04\" data-element_type=\"widget\" data-e-type=\"widget\" data-widget_type=\"text-editor.default\">\n\t\t\t\t<div class=\"elementor-widget-container\">\n\t\t\t\t\t\t\t\t\t<p><\/p>\n<p><span style=\"font-size: 16.0016px;\">The 1-room holiday apartment with 38 m\u00b2 is suitable for 3 persons.\u00a0<\/span><\/p>\n<p><strong>The apartment has:<\/strong><\/p>\n<ul>\n<li>Living\/bedroom with single sofa, arm-chairs, kitchenette, dining place, SAT-TV<\/li>\n<li>double bed (separated by a wall unit)<\/li>\n<li>Fully equipped kitchenette with ceramic hob, refrigerator, dishwasher, microwave, filter coffee machine, toaster, kettle<\/li>\n<li>Shower\/WC<\/li>\n<li>East balcony<\/li>\n<\/ul>\n<p>The apartment is located in house Michaela: Apartment \"Heub\u00fchl\"<\/p>\n<p><strong>With your apartment key, the facilities of both houses are accessible at any time.<\/strong><\/p>\t\t\t\t\t\t\t\t<\/div>\n\t\t\t\t<\/div>\n\t\t\t\t\t<\/div>\n\t\t<\/div>\n\t\t\t\t\t<\/div>\n\t\t<\/section>\n\t\t\t\t<section class=\"elementor-section elementor-top-section elementor-element elementor-element-9e07185 elementor-section-boxed elementor-section-height-default elementor-section-height-default\" data-id=\"9e07185\" data-element_type=\"section\" data-e-type=\"section\">\n\t\t\t\t\t\t<div class=\"elementor-container elementor-column-gap-default\">\n\t\t\t\t\t<div class=\"aux-parallax-section elementor-column elementor-col-100 elementor-top-column elementor-element elementor-element-915475c\" data-id=\"915475c\" data-element_type=\"column\" data-e-type=\"column\">\n\t\t\t<div class=\"elementor-widget-wrap elementor-element-populated\">\n\t\t\t\t\t\t<div class=\"elementor-element elementor-element-34161783 elementor-widget elementor-widget-accordion\" data-id=\"34161783\" data-element_type=\"widget\" data-e-type=\"widget\" data-widget_type=\"accordion.default\">\n\t\t\t\t<div class=\"elementor-widget-container\">\n\t\t\t\t\t\t\t<div class=\"elementor-accordion\">\n\t\t\t\t\t\t\t<div class=\"elementor-accordion-item\">\n\t\t\t\t\t<div id=\"elementor-tab-title-8731\" class=\"elementor-tab-title\" data-tab=\"1\" role=\"button\" aria-controls=\"elementor-tab-content-8731\" aria-expanded=\"false\">\n\t\t\t\t\t\t\t\t\t\t\t\t\t<span class=\"elementor-accordion-icon elementor-accordion-icon-left\" aria-hidden=\"true\">\n\t\t\t\t\t\t\t\t\t\t\t\t\t\t\t<span class=\"elementor-accordion-icon-closed\"><i class=\"fas fa-plus\"><\/i><\/span>\n\t\t\t\t\t\t\t\t<span class=\"elementor-accordion-icon-opened\"><i class=\"fas fa-minus\"><\/i><\/span>\n\t\t\t\t\t\t\t\t\t\t\t\t\t\t<\/span>\n\t\t\t\t\t\t\t\t\t\t\t\t<a class=\"elementor-accordion-title\" tabindex=\"0\">Facilities house Michaela<\/a>\n\t\t\t\t\t<\/div>\n\t\t\t\t\t<div id=\"elementor-tab-content-8731\" class=\"elementor-tab-content elementor-clearfix\" data-tab=\"1\" role=\"region\" aria-labelledby=\"elementor-tab-title-8731\"><ul>\n<li>Spacious bathing area with the 5 x 12 m indoor pool with underwater geyser (water temperature approx. 28\u00b0)<\/li>\n<li>Whirlpool corner with underwater massage jets<\/li>\n<li>Sauna or herbal steam bath (\u20ac 18,00 up to 1,5h)<\/li>\n<li><strong>Breakfast room<\/strong> for max. 25 persons; <strong>Breakfast buffet<\/strong> auf Anfrage, ab 8 Personen f\u00fcr \u20ac 15, Kinder erm\u00e4\u00dfigt<\/li>\n<\/ul><\/div>\n\t\t\t\t<\/div>\n\t\t\t\t\t\t\t<div class=\"elementor-accordion-item\">\n\t\t\t\t\t<div id=\"elementor-tab-title-8732\" class=\"elementor-tab-title\" data-tab=\"2\" role=\"button\" aria-controls=\"elementor-tab-content-8732\" aria-expanded=\"false\">\n\t\t\t\t\t\t\t\t\t\t\t\t\t<span class=\"elementor-accordion-icon elementor-accordion-icon-left\" aria-hidden=\"true\">\n\t\t\t\t\t\t\t\t\t\t\t\t\t\t\t<span class=\"elementor-accordion-icon-closed\"><i class=\"fas fa-plus\"><\/i><\/span>\n\t\t\t\t\t\t\t\t<span class=\"elementor-accordion-icon-opened\"><i class=\"fas fa-minus\"><\/i><\/span>\n\t\t\t\t\t\t\t\t\t\t\t\t\t\t<\/span>\n\t\t\t\t\t\t\t\t\t\t\t\t<a class=\"elementor-accordion-title\" tabindex=\"0\">Facilities house Gerda<\/a>\n\t\t\t\t\t<\/div>\n\t\t\t\t\t<div id=\"elementor-tab-content-8732\" class=\"elementor-tab-content elementor-clearfix\" data-tab=\"2\" role=\"region\" aria-labelledby=\"elementor-tab-title-8732\"><ul>\n<li><strong>E-charging station<\/strong><\/li>\n<li>Children's play room<\/li>\n<li>Self-service washing machine \u20ac 5.00<\/li>\n<li>Dryer \u20ac 5.00<\/li>\n<li>Playground and sunbathing area with barbecue<\/li>\n<\/ul><\/div>\n\t\t\t\t<\/div>\n\t\t\t\t\t\t\t<div class=\"elementor-accordion-item\">\n\t\t\t\t\t<div id=\"elementor-tab-title-8733\" class=\"elementor-tab-title\" data-tab=\"3\" role=\"button\" aria-controls=\"elementor-tab-content-8733\" aria-expanded=\"false\">\n\t\t\t\t\t\t\t\t\t\t\t\t\t<span class=\"elementor-accordion-icon elementor-accordion-icon-left\" aria-hidden=\"true\">\n\t\t\t\t\t\t\t\t\t\t\t\t\t\t\t<span class=\"elementor-accordion-icon-closed\"><i class=\"fas fa-plus\"><\/i><\/span>\n\t\t\t\t\t\t\t\t<span class=\"elementor-accordion-icon-opened\"><i class=\"fas fa-minus\"><\/i><\/span>\n\t\t\t\t\t\t\t\t\t\t\t\t\t\t<\/span>\n\t\t\t\t\t\t\t\t\t\t\t\t<a class=\"elementor-accordion-title\" tabindex=\"0\">Facilities in general and Services<\/a>\n\t\t\t\t\t<\/div>\n\t\t\t\t\t<div id=\"elementor-tab-content-8733\" class=\"elementor-tab-content elementor-clearfix\" data-tab=\"3\" role=\"region\" aria-labelledby=\"elementor-tab-title-8733\"><p>In both houses you will also find:<\/p>\n<ul>\n<li>sufficient parking spaces<\/li>\n<li>Ski and bike storage room<\/li>\n<li>Self-service beverage offer<\/li>\n<li>Wifi access<\/li>\n<\/ul>\n<p>Each apartment also has included:<\/p>\n<ul>\n<li>Bed linen<\/li>\n<li>Towels<\/li>\n<li>Hairdryer<\/li>\n<li>Wifi access<\/li>\n<\/ul>\n<p>Services agains payment<\/p>\n<ul>\n<li>Bread roll service<\/li>\n<li>Shopping service (initial supply of groceries upon arrival)<\/li>\n<\/ul><\/div>\n\t\t\t\t<\/div>\n\t\t\t\t\t\t\t\t<\/div>\n\t\t\t\t\t\t<\/div>\n\t\t\t\t<\/div>\n\t\t\t\t<div class=\"elementor-element elementor-element-0287c2b elementor-widget elementor-widget-text-editor\" data-id=\"0287c2b\" data-element_type=\"widget\" data-e-type=\"widget\" data-widget_type=\"text-editor.default\">\n\t\t\t\t<div class=\"elementor-widget-container\">\n\t\t\t\t\t\t\t\t\t<div><em><strong>Pets<\/strong> we cannot accept.<\/em><\/div><div><em>In the interest of all guests, smoking must be limited to the balcony or outdoor terrace. Our apartments are <strong>non-smoking apartments<\/strong>.<\/em><\/div>\t\t\t\t\t\t\t\t<\/div>\n\t\t\t\t<\/div>\n\t\t\t\t\t<\/div>\n\t\t<\/div>\n\t\t\t\t\t<\/div>\n\t\t<\/section>\n\t\t\t\t<section class=\"elementor-section elementor-top-section elementor-element elementor-element-7c6735ba elementor-section-boxed elementor-section-height-default elementor-section-height-default\" data-id=\"7c6735ba\" data-element_type=\"section\" data-e-type=\"section\">\n\t\t\t\t\t\t<div class=\"elementor-container elementor-column-gap-default\">\n\t\t\t\t\t<div class=\"aux-parallax-section elementor-column elementor-col-100 elementor-top-column elementor-element elementor-element-b7f0cd8\" data-id=\"b7f0cd8\" data-element_type=\"column\" data-e-type=\"column\">\n\t\t\t<div class=\"elementor-widget-wrap elementor-element-populated\">\n\t\t\t\t\t\t<div class=\"elementor-element elementor-element-2e55a358 elementor-widget elementor-widget-text-editor\" data-id=\"2e55a358\" data-element_type=\"widget\" data-e-type=\"widget\" data-widget_type=\"text-editor.default\">\n\t\t\t\t<div class=\"elementor-widget-container\">\n\t\t\t\t\t\t\t\t\t<p><strong>Other apartments:<\/strong><\/p>\t\t\t\t\t\t\t\t<\/div>\n\t\t\t\t<\/div>\n\t\t\t\t<div class=\"elementor-element elementor-element-6fca1b17 elementor-align-start elementor-icon-list--layout-traditional elementor-list-item-link-full_width elementor-widget elementor-widget-icon-list\" data-id=\"6fca1b17\" data-element_type=\"widget\" data-e-type=\"widget\" data-widget_type=\"icon-list.default\">\n\t\t\t\t<div class=\"elementor-widget-container\">\n\t\t\t\t\t\t\t<ul class=\"elementor-icon-list-items\">\n\t\t\t\t\t\t\t<li class=\"elementor-icon-list-item\">\n\t\t\t\t\t\t\t\t\t\t\t<a href=\"https:\/\/schwarzwaldmaedel-ferienwohnungen.de\/en\/ferienwohnungen\/ferienwohnung-2-personen\/\">\n\n\t\t\t\t\t\t\t\t\t\t\t\t<span class=\"elementor-icon-list-icon\">\n\t\t\t\t\t\t\t<i aria-hidden=\"true\" class=\"fas fa-bed\"><\/i>\t\t\t\t\t\t<\/span>\n\t\t\t\t\t\t\t\t\t\t<span class=\"elementor-icon-list-text\">Apartment for max. 2 persons (30 m\u00b2, Studio)<\/span>\n\t\t\t\t\t\t\t\t\t\t\t<\/a>\n\t\t\t\t\t\t\t\t\t<\/li>\n\t\t\t\t\t\t\t\t<li class=\"elementor-icon-list-item\">\n\t\t\t\t\t\t\t\t\t\t\t<a href=\"https:\/\/schwarzwaldmaedel-ferienwohnungen.de\/en\/ferienwohnungen\/ferienwohnung-4-personen\/\">\n\n\t\t\t\t\t\t\t\t\t\t\t\t<span class=\"elementor-icon-list-icon\">\n\t\t\t\t\t\t\t<i aria-hidden=\"true\" class=\"fas fa-bed\"><\/i>\t\t\t\t\t\t<\/span>\n\t\t\t\t\t\t\t\t\t\t<span class=\"elementor-icon-list-text\">Apartment for max. 4 persons (45 m\u00b2, 1 bedroom)<\/span>\n\t\t\t\t\t\t\t\t\t\t\t<\/a>\n\t\t\t\t\t\t\t\t\t<\/li>\n\t\t\t\t\t\t\t\t<li class=\"elementor-icon-list-item\">\n\t\t\t\t\t\t\t\t\t\t\t<a href=\"https:\/\/schwarzwaldmaedel-ferienwohnungen.de\/en\/ferienwohnung-sonnenterrasse-fuer-max-4-personen\/\">\n\n\t\t\t\t\t\t\t\t\t\t\t\t<span class=\"elementor-icon-list-icon\">\n\t\t\t\t\t\t\t<i aria-hidden=\"true\" class=\"fas fa-bed\"><\/i>\t\t\t\t\t\t<\/span>\n\t\t\t\t\t\t\t\t\t\t<span class=\"elementor-icon-list-text\">Apartment \"Sun terrace\" for max. 4 persons (45 m\u00b2, 1 bedroom)<\/span>\n\t\t\t\t\t\t\t\t\t\t\t<\/a>\n\t\t\t\t\t\t\t\t\t<\/li>\n\t\t\t\t\t\t\t\t<li class=\"elementor-icon-list-item\">\n\t\t\t\t\t\t\t\t\t\t\t<a href=\"https:\/\/schwarzwaldmaedel-ferienwohnungen.de\/en\/ferienwohnungen\/ferienwohnung-neu-fuer-max-5-personen\/\">\n\n\t\t\t\t\t\t\t\t\t\t\t\t<span class=\"elementor-icon-list-icon\">\n\t\t\t\t\t\t\t<i aria-hidden=\"true\" class=\"fas fa-bed\"><\/i>\t\t\t\t\t\t<\/span>\n\t\t\t\t\t\t\t\t\t\t<span class=\"elementor-icon-list-text\">Apartment \"new\" for max. 5 persons (55 m\u00b2, 1 bedroom)<\/span>\n\t\t\t\t\t\t\t\t\t\t\t<\/a>\n\t\t\t\t\t\t\t\t\t<\/li>\n\t\t\t\t\t\t\t\t<li class=\"elementor-icon-list-item\">\n\t\t\t\t\t\t\t\t\t\t\t<a href=\"https:\/\/schwarzwaldmaedel-ferienwohnungen.de\/en\/ferienwohnungen\/ferienwohnung-5-personen\/\">\n\n\t\t\t\t\t\t\t\t\t\t\t\t<span class=\"elementor-icon-list-icon\">\n\t\t\t\t\t\t\t<i aria-hidden=\"true\" class=\"fas fa-bed\"><\/i>\t\t\t\t\t\t<\/span>\n\t\t\t\t\t\t\t\t\t\t<span class=\"elementor-icon-list-text\">Apartment for max. 5 persons (55 m\u00b2, 1 bedroom)<\/span>\n\t\t\t\t\t\t\t\t\t\t\t<\/a>\n\t\t\t\t\t\t\t\t\t<\/li>\n\t\t\t\t\t\t\t\t<li class=\"elementor-icon-list-item\">\n\t\t\t\t\t\t\t\t\t\t\t<a href=\"https:\/\/schwarzwaldmaedel-ferienwohnungen.de\/en\/ferienwohnungen\/ferienwohnung-6-personen\/\">\n\n\t\t\t\t\t\t\t\t\t\t\t\t<span class=\"elementor-icon-list-icon\">\n\t\t\t\t\t\t\t<i aria-hidden=\"true\" class=\"fas fa-bed\"><\/i>\t\t\t\t\t\t<\/span>\n\t\t\t\t\t\t\t\t\t\t<span class=\"elementor-icon-list-text\">Apartment for max. 6 persons (65 m\u00b2, 2 bedrooms)<\/span>\n\t\t\t\t\t\t\t\t\t\t\t<\/a>\n\t\t\t\t\t\t\t\t\t<\/li>\n\t\t\t\t\t\t\t\t<li class=\"elementor-icon-list-item\">\n\t\t\t\t\t\t\t\t\t\t\t<a href=\"https:\/\/schwarzwaldmaedel-ferienwohnungen.de\/en\/ferienwohnungen\/ferienwohnung-6-personen-silberberg\/\">\n\n\t\t\t\t\t\t\t\t\t\t\t\t<span class=\"elementor-icon-list-icon\">\n\t\t\t\t\t\t\t<i aria-hidden=\"true\" class=\"fas fa-bed\"><\/i>\t\t\t\t\t\t<\/span>\n\t\t\t\t\t\t\t\t\t\t<span class=\"elementor-icon-list-text\">Apartment for max. 6 persons \"Silberberg\" (70 m\u00b2, 2 bedrooms)<\/span>\n\t\t\t\t\t\t\t\t\t\t\t<\/a>\n\t\t\t\t\t\t\t\t\t<\/li>\n\t\t\t\t\t\t\t\t<li class=\"elementor-icon-list-item\">\n\t\t\t\t\t\t\t\t\t\t\t<a href=\"https:\/\/schwarzwaldmaedel-ferienwohnungen.de\/en\/ferienwohnungen\/ferienwohnung-6-personen-schauinsland\/\">\n\n\t\t\t\t\t\t\t\t\t\t\t\t<span class=\"elementor-icon-list-icon\">\n\t\t\t\t\t\t\t<i aria-hidden=\"true\" class=\"fas fa-bed\"><\/i>\t\t\t\t\t\t<\/span>\n\t\t\t\t\t\t\t\t\t\t<span class=\"elementor-icon-list-text\">Apartment for max. 6 persons \"Schauinsland\" (80 m\u00b2, 2 bedrooms)<\/span>\n\t\t\t\t\t\t\t\t\t\t\t<\/a>\n\t\t\t\t\t\t\t\t\t<\/li>\n\t\t\t\t\t\t\t\t<li class=\"elementor-icon-list-item\">\n\t\t\t\t\t\t\t\t\t\t\t<a href=\"https:\/\/schwarzwaldmaedel-ferienwohnungen.de\/en\/ferienwohnungen\/ferienwohnung-6-personen-stuebenwasen\/\">\n\n\t\t\t\t\t\t\t\t\t\t\t\t<span class=\"elementor-icon-list-icon\">\n\t\t\t\t\t\t\t<i aria-hidden=\"true\" class=\"fas fa-bed\"><\/i>\t\t\t\t\t\t<\/span>\n\t\t\t\t\t\t\t\t\t\t<span class=\"elementor-icon-list-text\">Apartment for max. 6 persons \"St\u00fcbenwasen\"(75 m\u00b2, 3 bedrooms)<\/span>\n\t\t\t\t\t\t\t\t\t\t\t<\/a>\n\t\t\t\t\t\t\t\t\t<\/li>\n\t\t\t\t\t\t<\/ul>\n\t\t\t\t\t\t<\/div>\n\t\t\t\t<\/div>\n\t\t\t\t\t<\/div>\n\t\t<\/div>\n\t\t\t\t\t<\/div>\n\t\t<\/section>\n\t\t\t\t<\/div>","protected":false},"excerpt":{"rendered":"<p>Wohnung Heub\u00fchl Haus Michaela Wohnung Heub\u00fchl Haus Michaela Wohnung Heub\u00fchl Haus Michaela Wohnung Heub\u00fchl Haus Michaela Wohnung Heub\u00fchl Haus Michaela Die 1-Zimmerferienwohnung mit 38 m\u00b2 ist f\u00fcr 2 &#8211; 3 Personen geeignet.\u00a0 Die Ferienwohnung verf\u00fcgt \u00fcber: Wohnraum mit Einzelcouch, Sessel, Sat-TV, K\u00fcchenzeile, Essbereich Schlafnische mit Doppelbett (durch Schrankwand abgetrennt) Voll ausgestattete K\u00fcchenzeile mit Cerankochfeld, K\u00fchlschrank, [&hellip;]<\/p>\n","protected":false},"author":2,"featured_media":0,"parent":266,"menu_order":0,"comment_status":"closed","ping_status":"closed","template":"","meta":{"advanced_seo_description":"","jetpack_seo_html_title":"","jetpack_seo_noindex":false,"footnotes":""},"class_list":["post-169","page","type-page","status-publish","hentry"],"jetpack_shortlink":"https:\/\/wp.me\/PbXKzQ-2J","jetpack_sharing_enabled":true,"_links":{"self":[{"href":"https:\/\/schwarzwaldmaedel-ferienwohnungen.de\/en\/wp-json\/wp\/v2\/pages\/169","targetHints":{"allow":["GET"]}}],"collection":[{"href":"https:\/\/schwarzwaldmaedel-ferienwohnungen.de\/en\/wp-json\/wp\/v2\/pages"}],"about":[{"href":"https:\/\/schwarzwaldmaedel-ferienwohnungen.de\/en\/wp-json\/wp\/v2\/types\/page"}],"author":[{"embeddable":true,"href":"https:\/\/schwarzwaldmaedel-ferienwohnungen.de\/en\/wp-json\/wp\/v2\/users\/2"}],"replies":[{"embeddable":true,"href":"https:\/\/schwarzwaldmaedel-ferienwohnungen.de\/en\/wp-json\/wp\/v2\/comments?post=169"}],"version-history":[{"count":10,"href":"https:\/\/schwarzwaldmaedel-ferienwohnungen.de\/en\/wp-json\/wp\/v2\/pages\/169\/revisions"}],"predecessor-version":[{"id":2633,"href":"https:\/\/schwarzwaldmaedel-ferienwohnungen.de\/en\/wp-json\/wp\/v2\/pages\/169\/revisions\/2633"}],"up":[{"embeddable":true,"href":"https:\/\/schwarzwaldmaedel-ferienwohnungen.de\/en\/wp-json\/wp\/v2\/pages\/266"}],"wp:attachment":[{"href":"https:\/\/schwarzwaldmaedel-ferienwohnungen.de\/en\/wp-json\/wp\/v2\/media?parent=169"}],"curies":[{"name":"wp","href":"https:\/\/api.w.org\/{rel}","templated":true}]}}