{"id":1388,"date":"2021-07-01T17:55:20","date_gmt":"2021-07-01T15:55:20","guid":{"rendered":"https:\/\/schwarzwaldmaedel-ferienwohnungen.de\/?page_id=1388"},"modified":"2021-07-06T09:23:22","modified_gmt":"2021-07-06T07:23:22","slug":"zum-herzogenhorn-und-zur-krunkelbachhuette","status":"publish","type":"page","link":"https:\/\/schwarzwaldmaedel-ferienwohnungen.de\/en\/aktivitaeten\/unsere-ausflugstouren\/zum-herzogenhorn-und-zur-krunkelbachhuette\/","title":{"rendered":"Zum Herzogenhorn und zur Krunkelbachh\u00fctte"},"content":{"rendered":"<div data-elementor-type=\"wp-page\" data-elementor-id=\"1388\" class=\"elementor elementor-1388\" data-elementor-post-type=\"page\">\n\t\t\t\t\t\t<section class=\"elementor-section elementor-top-section elementor-element elementor-element-31df4059 elementor-section-boxed elementor-section-height-default elementor-section-height-default\" data-id=\"31df4059\" data-element_type=\"section\" data-e-type=\"section\">\n\t\t\t\t\t\t<div class=\"elementor-container elementor-column-gap-default\">\n\t\t\t\t\t<div class=\"aux-parallax-section elementor-column elementor-col-100 elementor-top-column elementor-element elementor-element-442e42e9\" data-id=\"442e42e9\" data-element_type=\"column\" data-e-type=\"column\">\n\t\t\t<div class=\"elementor-widget-wrap elementor-element-populated\">\n\t\t\t\t\t\t<div class=\"elementor-element elementor-element-3f7f4542 elementor-widget elementor-widget-text-editor\" data-id=\"3f7f4542\" data-element_type=\"widget\" data-e-type=\"widget\" data-widget_type=\"text-editor.default\">\n\t\t\t\t<div class=\"elementor-widget-container\">\n\t\t\t\t\t\t\t\t\t<p><b>Wandern<\/b><\/p>\t\t\t\t\t\t\t\t<\/div>\n\t\t\t\t<\/div>\n\t\t\t\t<div class=\"elementor-element elementor-element-1f9daa80 elementor-widget elementor-widget-heading\" data-id=\"1f9daa80\" data-element_type=\"widget\" data-e-type=\"widget\" data-widget_type=\"heading.default\">\n\t\t\t\t<div class=\"elementor-widget-container\">\n\t\t\t\t\t<h2 class=\"elementor-heading-title elementor-size-default\">Rundtour vom Feldberg Hebelhof \u00fcber das Herzogenhorn und der Krunkelbachh\u00fctte<\/h2>\t\t\t\t<\/div>\n\t\t\t\t<\/div>\n\t\t\t\t<div class=\"elementor-element elementor-element-3b09f208 elementor-widget elementor-widget-text-editor\" data-id=\"3b09f208\" data-element_type=\"widget\" data-e-type=\"widget\" data-widget_type=\"text-editor.default\">\n\t\t\t\t<div class=\"elementor-widget-container\">\n\t\t\t\t\t\t\t\t\t<p>Die Rundtour startet im Skigebiet Feldberg am Hebelhof. Bald ist das Grafenmatt H\u00f6chst erreicht und wir lassen das Skigebiet hinter uns und tauchen ein in das abgeschieden wirkende Gebiet rund um das Herzogenhorn. Der Herzogenhorngipfel geh\u00f6rt zu den sch\u00f6nsten und h\u00f6chsten Gipfeln des Schwarzwalds und hin\u00fcber zur Krunkelbachh\u00fctte ist die Landschaft herrlich urig.<\/p>\t\t\t\t\t\t\t\t<\/div>\n\t\t\t\t<\/div>\n\t\t\t\t<div class=\"elementor-section elementor-inner-section elementor-element elementor-element-7b34bef0 elementor-section-content-middle elementor-section-boxed elementor-section-height-default elementor-section-height-default\" data-id=\"7b34bef0\" data-element_type=\"section\" data-e-type=\"section\">\n\t\t\t\t\t\t<div class=\"elementor-container elementor-column-gap-default\">\n\t\t\t\t\t<div class=\"aux-parallax-section elementor-column elementor-col-25 elementor-inner-column elementor-element elementor-element-493e1b58\" data-id=\"493e1b58\" data-element_type=\"column\" data-e-type=\"column\">\n\t\t\t<div class=\"elementor-widget-wrap elementor-element-populated\">\n\t\t\t\t\t\t<div class=\"elementor-element elementor-element-7f61bb71 elementor-view-default elementor-position-block-start elementor-mobile-position-block-start elementor-widget elementor-widget-icon-box\" data-id=\"7f61bb71\" data-element_type=\"widget\" data-e-type=\"widget\" data-widget_type=\"icon-box.default\">\n\t\t\t\t<div class=\"elementor-widget-container\">\n\t\t\t\t\t\t\t<div class=\"elementor-icon-box-wrapper\">\n\n\t\t\t\t\t\t<div class=\"elementor-icon-box-icon\">\n\t\t\t\t<span  class=\"elementor-icon\">\n\t\t\t\t<i aria-hidden=\"true\" class=\"fas fa-stopwatch\"><\/i>\t\t\t\t<\/span>\n\t\t\t<\/div>\n\t\t\t\n\t\t\t\t\t\t<div class=\"elementor-icon-box-content\">\n\n\t\t\t\t\n\t\t\t\t\t\t\t\t\t<p class=\"elementor-icon-box-description\">\n\t\t\t\t\t\t<b>3:45<\/b> h\t\t\t\t\t<\/p>\n\t\t\t\t\n\t\t\t<\/div>\n\t\t\t\n\t\t<\/div>\n\t\t\t\t\t\t<\/div>\n\t\t\t\t<\/div>\n\t\t\t\t\t<\/div>\n\t\t<\/div>\n\t\t\t\t<div class=\"aux-parallax-section elementor-column elementor-col-25 elementor-inner-column elementor-element elementor-element-6eefe515\" data-id=\"6eefe515\" data-element_type=\"column\" data-e-type=\"column\">\n\t\t\t<div class=\"elementor-widget-wrap elementor-element-populated\">\n\t\t\t\t\t\t<div class=\"elementor-element elementor-element-6ef8f2e2 elementor-view-default elementor-position-block-start elementor-mobile-position-block-start elementor-widget elementor-widget-icon-box\" data-id=\"6ef8f2e2\" data-element_type=\"widget\" data-e-type=\"widget\" data-widget_type=\"icon-box.default\">\n\t\t\t\t<div class=\"elementor-widget-container\">\n\t\t\t\t\t\t\t<div class=\"elementor-icon-box-wrapper\">\n\n\t\t\t\t\t\t<div class=\"elementor-icon-box-icon\">\n\t\t\t\t<span  class=\"elementor-icon\">\n\t\t\t\t<i aria-hidden=\"true\" class=\"fas fa-arrows-alt-h\"><\/i>\t\t\t\t<\/span>\n\t\t\t<\/div>\n\t\t\t\n\t\t\t\t\t\t<div class=\"elementor-icon-box-content\">\n\n\t\t\t\t\n\t\t\t\t\t\t\t\t\t<p class=\"elementor-icon-box-description\">\n\t\t\t\t\t\t<b>11,1<\/b> km\t\t\t\t\t<\/p>\n\t\t\t\t\n\t\t\t<\/div>\n\t\t\t\n\t\t<\/div>\n\t\t\t\t\t\t<\/div>\n\t\t\t\t<\/div>\n\t\t\t\t\t<\/div>\n\t\t<\/div>\n\t\t\t\t<div class=\"aux-parallax-section elementor-column elementor-col-25 elementor-inner-column elementor-element elementor-element-1b08eac9\" data-id=\"1b08eac9\" data-element_type=\"column\" data-e-type=\"column\">\n\t\t\t<div class=\"elementor-widget-wrap elementor-element-populated\">\n\t\t\t\t\t\t<div class=\"elementor-element elementor-element-7d76389a elementor-view-default elementor-position-block-start elementor-mobile-position-block-start elementor-widget elementor-widget-icon-box\" data-id=\"7d76389a\" data-element_type=\"widget\" data-e-type=\"widget\" data-widget_type=\"icon-box.default\">\n\t\t\t\t<div class=\"elementor-widget-container\">\n\t\t\t\t\t\t\t<div class=\"elementor-icon-box-wrapper\">\n\n\t\t\t\t\t\t<div class=\"elementor-icon-box-icon\">\n\t\t\t\t<span  class=\"elementor-icon\">\n\t\t\t\t<i aria-hidden=\"true\" class=\"fas fa-long-arrow-alt-right\"><\/i>\t\t\t\t<\/span>\n\t\t\t<\/div>\n\t\t\t\n\t\t\t\t\t\t<div class=\"elementor-icon-box-content\">\n\n\t\t\t\t\n\t\t\t\t\t\t\t\t\t<p class=\"elementor-icon-box-description\">\n\t\t\t\t\t\t<b>527 <\/b> m\t\t\t\t\t<\/p>\n\t\t\t\t\n\t\t\t<\/div>\n\t\t\t\n\t\t<\/div>\n\t\t\t\t\t\t<\/div>\n\t\t\t\t<\/div>\n\t\t\t\t\t<\/div>\n\t\t<\/div>\n\t\t\t\t<div class=\"aux-parallax-section elementor-column elementor-col-25 elementor-inner-column elementor-element elementor-element-4cfb05ac\" data-id=\"4cfb05ac\" data-element_type=\"column\" data-e-type=\"column\">\n\t\t\t<div class=\"elementor-widget-wrap elementor-element-populated\">\n\t\t\t\t\t\t<div class=\"elementor-element elementor-element-43bf1274 elementor-view-default elementor-position-block-start elementor-mobile-position-block-start elementor-widget elementor-widget-icon-box\" data-id=\"43bf1274\" data-element_type=\"widget\" data-e-type=\"widget\" data-widget_type=\"icon-box.default\">\n\t\t\t\t<div class=\"elementor-widget-container\">\n\t\t\t\t\t\t\t<div class=\"elementor-icon-box-wrapper\">\n\n\t\t\t\t\t\t<div class=\"elementor-icon-box-icon\">\n\t\t\t\t<span  class=\"elementor-icon\">\n\t\t\t\t<i aria-hidden=\"true\" class=\"fas fa-long-arrow-alt-right\"><\/i>\t\t\t\t<\/span>\n\t\t\t<\/div>\n\t\t\t\n\t\t\t\t\t\t<div class=\"elementor-icon-box-content\">\n\n\t\t\t\t\n\t\t\t\t\t\t\t\t\t<p class=\"elementor-icon-box-description\">\n\t\t\t\t\t\t<b>527 <\/b> m\t\t\t\t\t<\/p>\n\t\t\t\t\n\t\t\t<\/div>\n\t\t\t\n\t\t<\/div>\n\t\t\t\t\t\t<\/div>\n\t\t\t\t<\/div>\n\t\t\t\t\t<\/div>\n\t\t<\/div>\n\t\t\t\t\t<\/div>\n\t\t<\/div>\n\t\t\t\t\t<\/div>\n\t\t<\/div>\n\t\t\t\t\t<\/div>\n\t\t<\/section>\n\t\t\t\t<section class=\"elementor-section elementor-top-section elementor-element elementor-element-1e03dce2 elementor-section-boxed elementor-section-height-default elementor-section-height-default\" data-id=\"1e03dce2\" data-element_type=\"section\" data-e-type=\"section\">\n\t\t\t\t\t\t<div class=\"elementor-container elementor-column-gap-default\">\n\t\t\t\t\t<div class=\"aux-parallax-section elementor-column elementor-col-100 elementor-top-column elementor-element elementor-element-22833cf8\" data-id=\"22833cf8\" data-element_type=\"column\" data-e-type=\"column\">\n\t\t\t<div class=\"elementor-widget-wrap elementor-element-populated\">\n\t\t\t\t\t\t<div class=\"elementor-element elementor-element-24e2eb0b elementor-widget elementor-widget-shortcode\" data-id=\"24e2eb0b\" data-element_type=\"widget\" data-e-type=\"widget\" data-widget_type=\"shortcode.default\">\n\t\t\t\t<div class=\"elementor-widget-container\">\n\t\t\t\t\t\t\t<div class=\"elementor-shortcode\"><div style=\"min-width: 260px; max-width: 100%\"><script data-jetpack-boost=\"ignore\" data-jetpack-boost=\"ignore\" type=\"text\/javascript\" src=\"https:\/\/www.outdooractive.com\/en\/embed\/202912486\/js?mw=false\"><\/script><\/div>\n<\/div>\n\t\t\t\t\t\t<\/div>\n\t\t\t\t<\/div>\n\t\t\t\t\t<\/div>\n\t\t<\/div>\n\t\t\t\t\t<\/div>\n\t\t<\/section>\n\t\t\t\t<\/div>","protected":false},"excerpt":{"rendered":"<p>Wandern Rundtour vom Feldberg Hebelhof \u00fcber das Herzogenhorn und der Krunkelbachh\u00fctte Die Rundtour startet im Skigebiet Feldberg am Hebelhof. Bald ist das Grafenmatt H\u00f6chst erreicht und wir lassen das Skigebiet hinter uns und tauchen ein in das abgeschieden wirkende Gebiet rund um das Herzogenhorn. Der Herzogenhorngipfel geh\u00f6rt zu den sch\u00f6nsten und h\u00f6chsten Gipfeln des Schwarzwalds [&hellip;]<\/p>\n","protected":false},"author":2,"featured_media":0,"parent":516,"menu_order":0,"comment_status":"closed","ping_status":"closed","template":"","meta":{"advanced_seo_description":"","jetpack_seo_html_title":"","jetpack_seo_noindex":false,"footnotes":""},"class_list":["post-1388","page","type-page","status-publish","hentry"],"jetpack_shortlink":"https:\/\/wp.me\/PbXKzQ-mo","jetpack_sharing_enabled":true,"_links":{"self":[{"href":"https:\/\/schwarzwaldmaedel-ferienwohnungen.de\/en\/wp-json\/wp\/v2\/pages\/1388","targetHints":{"allow":["GET"]}}],"collection":[{"href":"https:\/\/schwarzwaldmaedel-ferienwohnungen.de\/en\/wp-json\/wp\/v2\/pages"}],"about":[{"href":"https:\/\/schwarzwaldmaedel-ferienwohnungen.de\/en\/wp-json\/wp\/v2\/types\/page"}],"author":[{"embeddable":true,"href":"https:\/\/schwarzwaldmaedel-ferienwohnungen.de\/en\/wp-json\/wp\/v2\/users\/2"}],"replies":[{"embeddable":true,"href":"https:\/\/schwarzwaldmaedel-ferienwohnungen.de\/en\/wp-json\/wp\/v2\/comments?post=1388"}],"version-history":[{"count":4,"href":"https:\/\/schwarzwaldmaedel-ferienwohnungen.de\/en\/wp-json\/wp\/v2\/pages\/1388\/revisions"}],"predecessor-version":[{"id":1392,"href":"https:\/\/schwarzwaldmaedel-ferienwohnungen.de\/en\/wp-json\/wp\/v2\/pages\/1388\/revisions\/1392"}],"up":[{"embeddable":true,"href":"https:\/\/schwarzwaldmaedel-ferienwohnungen.de\/en\/wp-json\/wp\/v2\/pages\/516"}],"wp:attachment":[{"href":"https:\/\/schwarzwaldmaedel-ferienwohnungen.de\/en\/wp-json\/wp\/v2\/media?parent=1388"}],"curies":[{"name":"wp","href":"https:\/\/api.w.org\/{rel}","templated":true}]}}